{"id":13678,"date":"2020-12-01T11:57:24","date_gmt":"2020-12-01T14:57:24","guid":{"rendered":"https:\/\/iboltt.com.br\/site\/?page_id=13678"},"modified":"2021-10-21T10:38:58","modified_gmt":"2021-10-21T13:38:58","slug":"para-empresas","status":"publish","type":"page","link":"https:\/\/iboltt.com.br\/site\/para-empresas\/","title":{"rendered":"Para empresas"},"content":{"rendered":"<p>[vc_section full_width=&#8221;stretch_row&#8221; pix_over_visibility=&#8221;&#8221; b_custom_height=&#8221;500px&#8221;][vc_row pix_particles_check=&#8221;&#8221;][vc_column content_align=&#8221;text-center&#8221;]<div class=\"mb-3 text-center  vc_custom_1607020223178\"><h2 class=\"mb-32 pix-sliding-headline font-weight-bold secondary-font\" data-class=\"text-black\" data-style=\"\">Foco total no seu neg\u00f3cio<\/h2><\/div><div class=\"slide-in-container w-100 text-center \" ><p class=\"text-20  text-body-default text-center \" ><span class=\"animate-in d-inline-block\" data-anim-delay=\"200\" data-anim-type=\"fade-in-up\">N\u00e3o importa o tipo ou o tamanho do seu neg\u00f3cio, estamos preparados para te conectar ao melhor servi\u00e7o de entrega do mercado.<\/span><\/p><\/div>[\/vc_column][\/vc_row][vc_row pix_particles_check=&#8221;&#8221; css=&#8221;.vc_custom_1606833081835{padding-top: 80px !important;padding-bottom: 80px !important;}&#8221;][vc_column css=&#8221;.vc_custom_1580913185779{padding-top: 20px !important;padding-bottom: 20px !important;}&#8221;]<div class=\"card  overflow-hidden row no-gutters flex-column flex-md-row flex-md-row-reverse   vc_custom_1607349545320 shadow-lg  animate-in \" data-anim-delay=\"0\" data-anim-type=\"fade-in-up\"><div class=\"flex-column col-md-6\"><img class=\"pix-lazy card-img pix-fit-cover rounded-0 flex-grow-1 h-100\" src=\"https:\/\/iboltt.com.br\/site\/wp-content\/plugins\/pixfort-core\/functions\/images\/placeholder.png\" data-srcset=\"https:\/\/iboltt.com.br\/site\/wp-content\/uploads\/2020\/12\/img-pc-05-279x300.jpg 279w, https:\/\/iboltt.com.br\/site\/wp-content\/uploads\/2020\/12\/img-pc-05.jpg 534w\" data-src=\"https:\/\/iboltt.com.br\/site\/wp-content\/uploads\/2020\/12\/img-pc-05.jpg\" loading=\"lazy\" alt=\"\" \/><\/div><div class=\"card-body d-flex2 align-content-between flex-wrap col-md-6 p-lg-5 p-md-5 p-4\"><div class=\"mb-3 text-left \"><h3 class=\"mb-32 pix-sliding-headline font-weight-bold secondary-font\" data-class=\"text-heading-default\" data-style=\"\">Praticidade, transpar\u00eancia e organiza\u00e7\u00e3o para a sua empresa<\/h3><\/div><div class=\"slide-in-container w-100  \" ><div class=\" text-body-default  \" >O iBoltt \u00e9 garantia de seguran\u00e7a, economia e ger\u00eancia dos pedidos do seu estabelecimento. Atrav\u00e9s do nosso aplicativo, \u00e9 poss\u00edvel acompanhar todos os pedidos do seu neg\u00f3cio em tempo real e os detalhes de cada solicita\u00e7\u00e3o ficam registradas no seu hist\u00f3rico.<\/div><\/div>[vc_empty_space height=&#8221;50px&#8221;]<div class=\"slide-in-container w-100  \" ><div class=\"text-xs text-black  font-weight-bold secondary-font\" >Dispon\u00edvel nas plataformas<\/div><\/div>[vc_row_inner][vc_column_inner width=&#8221;1\/6&#8243;]<div class=\"pix-icon text-left \"><div class=\"feature_img d-inline-block \"   style=\"width:54px;height:54px;position:relative;line-height:54px;text-align:center;\"><i style=\"display:inline-block;font-size:30px;line-height:30px;\" class=\"text-gray-4 align-middle pixicon-apple\"><\/i><\/div><\/div>[\/vc_column_inner][vc_column_inner width=&#8221;1\/6&#8243;]<div class=\"pix-icon text-left \"><div class=\"feature_img d-inline-block \"   style=\"width:54px;height:54px;position:relative;line-height:54px;text-align:center;\"><i style=\"display:inline-block;font-size:30px;line-height:30px;\" class=\"text-gray-4 align-middle pixicon-play2\"><\/i><\/div><\/div>[\/vc_column_inner][vc_column_inner width=&#8221;1\/6&#8243;][\/vc_column_inner][vc_column_inner width=&#8221;1\/6&#8243;][\/vc_column_inner][vc_column_inner width=&#8221;1\/6&#8243;][\/vc_column_inner][vc_column_inner width=&#8221;1\/6&#8243;][\/vc_column_inner][\/vc_row_inner]<\/div><\/div>\n[\/vc_column][\/vc_row][vc_row full_width=&#8221;stretch_row&#8221; content_placement=&#8221;middle&#8221; pix_particles_check=&#8221;&#8221; pix_overlay_color=&#8221;black&#8221; css=&#8221;.vc_custom_1625598246775{padding-top: 150px !important;padding-bottom: 150px !important;background-image: url(https:\/\/iboltt.com.br\/site\/wp-content\/uploads\/2020\/12\/background-cta-para-empresas.jpg?id=13686) !important;}&#8221; pix_overlay_opacity=&#8221;0.5&#8243;][vc_column content_align=&#8221;text-center&#8221;]<div  class=\"text-center \"><div><div class=\"slide-in-container\"><h2 class=\"text-white font-weight-bold animate-in mb-1\" style=\"\" data-anim-type=\"slide-in-up\" data-anim-delay=\"0\">Diferenciais para empresas<\/h2><\/div><\/div><\/div>[vc_empty_space height=&#8221;30px&#8221;]<div class=\"slide-in-container w-100   vc_custom_1607344680782\" ><p class=\"text-18  text-body-default  \" ><span class=\"animate-in d-inline-block\" data-anim-delay=\"200\" data-anim-type=\"fade-in-up\">Com o iBoltt, solicitar um servi\u00e7o, realizar o pagamento e aguardar a entrega ficou \u00e0 dist\u00e2ncia de um toque. Pelo nosso aplicativo, voc\u00ea seleciona o tipo do servi\u00e7o, a melhor op\u00e7\u00e3o de pagamento e \u00e9 atendido pelo profissional cadastrado mais pr\u00f3ximo, pronto para realizar entregas ou transporte de passageiros de maneira \u00e1gil e segura.<\/span><\/p><\/div>[vc_empty_space height=&#8221;30px&#8221;]<a href=\"https:\/\/iboltt.com.br\/site\/criar-conta\/\" class=\"btn mb-2    text-white btn-primary d-inline-block    secondary-font  animate-in btn-lg\"   data-anim-type=\"fade-in-up\" data-anim-delay=\"400\" ><i class=\"font-weight-bold pixicon-pencil-1   mr-1\"><\/i> <span class=\"font-weight-bold \" >Criar conta<\/span><\/a><a href=\"https:\/\/painel.iboltt.com\/\" class=\"btn mb-2    text-white btn-primary d-inline-block    secondary-font  animate-in btn-lg\"   data-anim-type=\"fade-in-up\" data-anim-delay=\"400\" ><i class=\"font-weight-bold pixicon-monitor   mr-1\"><\/i> <span class=\"font-weight-bold \" >Acessar painel<\/span><\/a>[\/vc_column][\/vc_row][vc_row full_width=&#8221;stretch_row&#8221; content_placement=&#8221;middle&#8221; pix_particles_check=&#8221;&#8221; css=&#8221;.vc_custom_1607353189363{padding-top: 150px !important;padding-bottom: 80px !important;}&#8221;][vc_column content_align=&#8221;text-center&#8221;][vc_row_inner][vc_column_inner width=&#8221;1\/3&#8243;]<div class=\"pix-content-box pix-card-element bg-white2 p-4 rounded-xl   vc_custom_1607351153637  rounded-lg  overflow-hidden shadow-lg \" ><div class=\"py-3\"><h6 style=\"\" class=\"card-title font-weight-bold text-heading-default\">Atendimento<\/h6><p class=\"card-text text-body-default \">V\u00e1rios prestadores treinados e regularizados \u00e0 disposi\u00e7\u00e3o.<\/p><\/div><div class=\"card-footer text-right\"><a  href=\"\" class=\"d-flex align-items-center justify-content-end font-weight-bold text-heading-default \"> <i class=\"pixicon-angle-right ml-2\"><\/i><\/a><\/div><\/div>[vc_empty_space height=&#8221;10px&#8221;][\/vc_column_inner][vc_column_inner width=&#8221;1\/3&#8243;]<div class=\"pix-content-box pix-card-element bg-white2 p-4 rounded-xl   vc_custom_1607351186308  rounded-lg  overflow-hidden shadow-lg \" ><div class=\"py-3\"><h6 style=\"\" class=\"card-title font-weight-bold text-heading-default\">Elasticidade<\/h6><p class=\"card-text text-body-default \">Preparado para qualquer acr\u00e9scimo ou decr\u00e9scimo de demanda.<\/p><\/div><div class=\"card-footer text-right\"><a  href=\"\" class=\"d-flex align-items-center justify-content-end font-weight-bold text-heading-default \"> <i class=\"pixicon-angle-right ml-2\"><\/i><\/a><\/div><\/div>[vc_empty_space height=&#8221;10px&#8221;][\/vc_column_inner][vc_column_inner width=&#8221;1\/3&#8243;]<div class=\"pix-content-box pix-card-element bg-white2 p-4 rounded-xl   vc_custom_1607351195077  rounded-lg  overflow-hidden shadow-lg \" ><div class=\"py-3\"><h6 style=\"\" class=\"card-title font-weight-bold text-heading-default\">Economia<\/h6><p class=\"card-text text-body-default \">Paga por demanda, sem taxas e custos fixos.<\/p><\/div><div class=\"card-footer text-right\"><a  href=\"\" class=\"d-flex align-items-center justify-content-end font-weight-bold text-heading-default \"> <i class=\"pixicon-angle-right ml-2\"><\/i><\/a><\/div><\/div>[vc_empty_space height=&#8221;10px&#8221;][\/vc_column_inner][\/vc_row_inner][vc_empty_space height=&#8221;20px&#8221;][vc_row_inner][vc_column_inner width=&#8221;1\/3&#8243;]<div class=\"pix-content-box pix-card-element bg-white2 p-4 rounded-xl   vc_custom_1607351204532  rounded-lg  overflow-hidden shadow-lg \" ><div class=\"py-3\"><h6 style=\"\" class=\"card-title font-weight-bold text-heading-default\">Praticidade<\/h6><p class=\"card-text text-body-default \">Evite custos de deslocamentos, estacionamentos e economize tempo.<\/p><\/div><div class=\"card-footer text-right\"><a  href=\"\" class=\"d-flex align-items-center justify-content-end font-weight-bold text-heading-default \"> <i class=\"pixicon-angle-right ml-2\"><\/i><\/a><\/div><\/div>[vc_empty_space height=&#8221;10px&#8221;][\/vc_column_inner][vc_column_inner width=&#8221;1\/3&#8243;]<div class=\"pix-content-box pix-card-element bg-white2 p-4 rounded-xl   vc_custom_1607351211975  rounded-lg  overflow-hidden shadow-lg \" ><div class=\"py-3\"><h6 style=\"\" class=\"card-title font-weight-bold text-heading-default\">Gest\u00e3o<\/h6><p class=\"card-text text-body-default \">Hist\u00f3rico detalhado das suas entregas com indicadores de tempo e custo.<\/p><\/div><div class=\"card-footer text-right\"><a  href=\"\" class=\"d-flex align-items-center justify-content-end font-weight-bold text-heading-default \"> <i class=\"pixicon-angle-right ml-2\"><\/i><\/a><\/div><\/div>[vc_empty_space height=&#8221;10px&#8221;][\/vc_column_inner][vc_column_inner width=&#8221;1\/3&#8243;]<div class=\"pix-content-box pix-card-element bg-white2 p-4 rounded-xl   vc_custom_1607353060400  rounded-lg  overflow-hidden shadow-lg \" ><div class=\"py-3\"><h6 style=\"\" class=\"card-title font-weight-bold text-white\">Cadastre-se<\/h6><p class=\"card-text text-white \">Fa\u00e7a j\u00e1 seu cadastro e comece a usar a melhor plataforma de delivery integrado do Brasil.<\/p><\/div><div class=\"card-footer text-right\"><a  href=\"\" class=\"d-flex align-items-center justify-content-end font-weight-bold text-body-default \"> <i class=\"pixicon-angle-right ml-2\"><\/i><\/a><\/div><\/div>[vc_empty_space height=&#8221;10px&#8221;][\/vc_column_inner][\/vc_row_inner][\/vc_column][\/vc_row][vc_row full_width=&#8221;stretch_row&#8221; pix_particles_check=&#8221;&#8221; css=&#8221;.vc_custom_1606832448104{padding-top: 80px !important;padding-bottom: 80px !important;}&#8221;][vc_column content_align=&#8221;text-center&#8221;]<div class=\"pix-content-box card      vc_custom_1606832393909  rounded-10 shadow-lg shadow-hover-lg fly-sm animate-in bg- w-100  \"  data-anim-type=\"fade-in-up\" data-anim-delay=\"0\"><div class=\"\" style=\"z-index:30;position:relative;\"><h6 class=\"d-inline-block mr-1 animate-in\" data-anim-type=\"fade-in-up\" data-anim-delay=\"0\"><span class=\"badge font-weight-bold secondary-font bg-dark-opacity-1  vc_custom_1606412537962 \" style=\" \"><span class=\"text-heading-default\" style=\"\">F\u00e1cil e r\u00e1pido<\/span><\/span><\/h6><div class=\"slide-in-container w-100   vc_custom_1606412584499\" ><p class=\"text-24  text-gradient-primary  font-weight-bold secondary-font\" ><span class=\"animate-in d-inline-block\" data-anim-delay=\"200\" data-anim-type=\"fade-in-up\">Veja como funciona<\/span><\/p><\/div><div class=\"row pix-levels mb-3 mb-sm-0 mx-0 \" style=\"border-bottom:0;\"><div class=\"col-xs-12 col-md-2 pix-levels-step complete px-0\">\n\t\t\t  <h6 class=\"text-center font-weight-bold text-heading-default pb-3\" style=\"\">Painel<\/h6>\n\t\t\t  <div class=\"position-relative w-100 text-center mb-3\">\n\t\t\t\t  <div class=\"progress bg-gray-2\" ><div class=\"progress-bar bg-gradient-primary\" ><\/div><\/div>\n\t\t\t\t  <div class=\"pix-leveles-dot-div\"><span class=\"pix-levels-dot bg-gradient-primary\" >\n\t\t\t\t\t\t\t\t\t\t  <span class=\"pix-levels-dot-inner bg-dark-opacity-3\"><\/span>\n\t\t\t\t\t\t\t\t\t  <\/span><\/div>\n\t\t\t  <\/div><p class=\"text-center pix-p-10 secondary-font text-body-default\" >Acesse o nosso painel pelo site ou baixe gratuitamente o aplicativo iBoltt pelo Google Play ou App Store.<\/p><\/div><div class=\"col-xs-12 col-md-2 pix-levels-step complete px-0\">\n\t\t\t  <h6 class=\"text-center font-weight-bold text-heading-default pb-3\" style=\"\">Cadastro<\/h6>\n\t\t\t  <div class=\"position-relative w-100 text-center mb-3\">\n\t\t\t\t  <div class=\"progress bg-gray-2\" ><div class=\"progress-bar bg-gradient-primary\" ><\/div><\/div>\n\t\t\t\t  <div class=\"pix-leveles-dot-div\"><span class=\"pix-levels-dot bg-gradient-primary\" >\n\t\t\t\t\t\t\t\t\t\t  <span class=\"pix-levels-dot-inner bg-dark-opacity-3\"><\/span>\n\t\t\t\t\t\t\t\t\t  <\/span><\/div>\n\t\t\t  <\/div><p class=\"text-center pix-p-10 secondary-font text-body-default\" >Efetue o cadastro e siga orienta\u00e7\u00f5es at\u00e9 a confirma\u00e7\u00e3o da sua conta.<\/p><\/div><div class=\"col-xs-12 col-md-2 pix-levels-step complete px-0\">\n\t\t\t  <h6 class=\"text-center font-weight-bold text-heading-default pb-3\" style=\"\">Cr\u00e9ditos<\/h6>\n\t\t\t  <div class=\"position-relative w-100 text-center mb-3\">\n\t\t\t\t  <div class=\"progress bg-gray-2\" ><div class=\"progress-bar bg-gradient-primary\" ><\/div><\/div>\n\t\t\t\t  <div class=\"pix-leveles-dot-div\"><span class=\"pix-levels-dot bg-gradient-primary\" >\n\t\t\t\t\t\t\t\t\t\t  <span class=\"pix-levels-dot-inner bg-dark-opacity-3\"><\/span>\n\t\t\t\t\t\t\t\t\t  <\/span><\/div>\n\t\t\t  <\/div><p class=\"text-center pix-p-10 secondary-font text-body-default\" >Adquira cr\u00e9ditos na plataforma atrav\u00e9s de cart\u00e3o de cr\u00e9dito, boleto, PIX ou transfer\u00eancia e fa\u00e7a sua solicita\u00e7\u00e3o pela Web ou Aplicativo*.<\/p><\/div><div class=\"col-xs-12 col-md-2 pix-levels-step complete px-0\">\n\t\t\t  <h6 class=\"text-center font-weight-bold text-heading-default pb-3\" style=\"\">Destino<\/h6>\n\t\t\t  <div class=\"position-relative w-100 text-center mb-3\">\n\t\t\t\t  <div class=\"progress bg-gray-2\" ><div class=\"progress-bar bg-gradient-primary\" ><\/div><\/div>\n\t\t\t\t  <div class=\"pix-leveles-dot-div\"><span class=\"pix-levels-dot bg-gradient-primary\" >\n\t\t\t\t\t\t\t\t\t\t  <span class=\"pix-levels-dot-inner bg-dark-opacity-3\"><\/span>\n\t\t\t\t\t\t\t\t\t  <\/span><\/div>\n\t\t\t  <\/div><p class=\"text-center pix-p-10 secondary-font text-body-default\" >Especifique a rota de origem e destino e o valor do servi\u00e7o \u00e9 automaticamente calculado.<\/p><\/div><div class=\"col-xs-12 col-md-2 pix-levels-step complete px-0\">\n\t\t\t  <h6 class=\"text-center font-weight-bold text-heading-default pb-3\" style=\"\">Localiza\u00e7\u00e3o<\/h6>\n\t\t\t  <div class=\"position-relative w-100 text-center mb-3\">\n\t\t\t\t  <div class=\"progress bg-gray-2\" ><div class=\"progress-bar bg-gradient-primary\" ><\/div><\/div>\n\t\t\t\t  <div class=\"pix-leveles-dot-div\"><span class=\"pix-levels-dot bg-gradient-primary\" >\n\t\t\t\t\t\t\t\t\t\t  <span class=\"pix-levels-dot-inner bg-dark-opacity-3\"><\/span>\n\t\t\t\t\t\t\t\t\t  <\/span><\/div>\n\t\t\t  <\/div><p class=\"text-center pix-p-10 secondary-font text-body-default\" >O sistema localiza automaticamente o prestador mais pr\u00f3ximo para o atendimento.<\/p><\/div><div class=\"col-xs-12 col-md-2 pix-levels-step active px-0\">\n\t\t\t  <h6 class=\"text-center font-weight-bold text-heading-default pb-3\" style=\"\">Tudo pronto!<\/h6>\n\t\t\t  <div class=\"position-relative w-100 text-center mb-3\">\n\t\t\t\t  <div class=\"progress bg-gray-2\" ><div class=\"progress-bar bg-gradient-primary\" ><\/div><\/div>\n\t\t\t\t  <div class=\"pix-leveles-dot-div\"><span class=\"pix-levels-dot bg-gradient-primary\" >\n\t\t\t\t\t\t\t\t\t\t  <span class=\"pix-levels-dot-inner bg-dark-opacity-3\"><\/span>\n\t\t\t\t\t\t\t\t\t  <\/span><\/div>\n\t\t\t  <\/div><p class=\"text-center pix-p-10 secondary-font text-body-default\" >Agora \u00e9 s\u00f3 acompanhar o prestador em tempo real at\u00e9 o destino final.<\/p><\/div><\/div><div class=\"slide-in-container w-100  \" ><div class=\"text-xs text-body-default  \" >*Para empresas com maior demanda de pedidos, \u00e9 recomend\u00e1vel o uso web ou atrav\u00e9s de automa\u00e7\u00e3o dos despachos de pedidos via integra\u00e7\u00e3o do iBoltt com seu sistema frente de loja. Temos uma API p\u00fablica para isso. Contate-nos.<\/div><\/div><\/div><\/div>[\/vc_column][\/vc_row][\/vc_section]<\/p>\n","protected":false},"excerpt":{"rendered":"[vc_section full_width=&#8221;stretch_row&#8221; pix_over_visibility=&#8221;&#8221; b_custom_height=&#8221;500px&#8221;][vc_row pix_particles_check=&#8221;&#8221;][vc_column content_align=&#8221;text-center&#8221;][\/vc_column][\/vc_row][vc_row pix_particles_check=&#8221;&#8221; css=&#8221;.vc_custom_1606833081835{padding-top: 80px !important;padding-bottom: 80px !important;}&#8221;][vc_column css=&#8221;.vc_custom_1580913185779{padding-top: 20px !important;padding-bottom: 20px !important;}&#8221;][\/vc_column][\/vc_row][vc_row full_width=&#8221;stretch_row&#8221; content_placement=&#8221;middle&#8221; pix_particles_check=&#8221;&#8221; pix_overlay_color=&#8221;black&#8221; css=&#8221;.vc_custom_1625598246775{padding-top: 150px !important;padding-bottom: 150px !important;background-image: url(https:\/\/iboltt.com.br\/site\/wp-content\/uploads\/2020\/12\/background-cta-para-empresas.jpg?id=13686) !important;}&#8221; pix_overlay_opacity=&#8221;0.5&#8243;][vc_column content_align=&#8221;text-center&#8221;][vc_empty_space height=&#8221;30px&#8221;][vc_empty_space height=&#8221;30px&#8221;][\/vc_column][\/vc_row][vc_row full_width=&#8221;stretch_row&#8221; content_placement=&#8221;middle&#8221; pix_particles_check=&#8221;&#8221; css=&#8221;.vc_custom_1607353189363{padding-top: 150px !important;padding-bottom: 80px !important;}&#8221;][vc_column&#8230;","protected":false},"author":1,"featured_media":0,"parent":0,"menu_order":0,"comment_status":"closed","ping_status":"closed","template":"","meta":[],"cidade":[],"yoast_head":"<!-- This site is optimized with the Yoast SEO plugin v16.7 - https:\/\/yoast.com\/wordpress\/plugins\/seo\/ -->\n<title>Para empresas - iBoltt<\/title>\n<meta name=\"description\" content=\"O iBoltt \u00e9 garantia de seguran\u00e7a, economia e ger\u00eancia dos pedidos do seu estabelecimento, acompanhe os pedidos do seu neg\u00f3cio em tempo real.\" \/>\n<meta name=\"robots\" content=\"index, follow, max-snippet:-1, max-image-preview:large, max-video-preview:-1\" \/>\n<link rel=\"canonical\" href=\"https:\/\/iboltt.com.br\/site\/para-empresas\/\" \/>\n<meta property=\"og:locale\" content=\"en_US\" \/>\n<meta property=\"og:type\" content=\"article\" \/>\n<meta property=\"og:title\" content=\"Para empresas - iBoltt\" \/>\n<meta property=\"og:description\" content=\"O iBoltt \u00e9 garantia de seguran\u00e7a, economia e ger\u00eancia dos pedidos do seu estabelecimento, acompanhe os pedidos do seu neg\u00f3cio em tempo real.\" \/>\n<meta property=\"og:url\" content=\"https:\/\/iboltt.com.br\/site\/para-empresas\/\" \/>\n<meta property=\"og:site_name\" content=\"iBoltt\" \/>\n<meta property=\"article:modified_time\" content=\"2021-10-21T13:38:58+00:00\" \/>\n<meta name=\"twitter:card\" content=\"summary_large_image\" \/>\n<meta name=\"twitter:label1\" content=\"Est. reading time\" \/>\n\t<meta name=\"twitter:data1\" content=\"6 minutes\" \/>\n<script type=\"application\/ld+json\" class=\"yoast-schema-graph\">{\"@context\":\"https:\/\/schema.org\",\"@graph\":[{\"@type\":\"WebSite\",\"@id\":\"https:\/\/iboltt.com.br\/site\/#website\",\"url\":\"https:\/\/iboltt.com.br\/site\/\",\"name\":\"iBoltt\",\"description\":\"Solu\\u00e7\\u00e3o completa em transporte e log\\u00edstica\",\"potentialAction\":[{\"@type\":\"SearchAction\",\"target\":{\"@type\":\"EntryPoint\",\"urlTemplate\":\"https:\/\/iboltt.com.br\/site\/?s={search_term_string}\"},\"query-input\":\"required name=search_term_string\"}],\"inLanguage\":\"en-US\"},{\"@type\":\"WebPage\",\"@id\":\"https:\/\/iboltt.com.br\/site\/para-empresas\/#webpage\",\"url\":\"https:\/\/iboltt.com.br\/site\/para-empresas\/\",\"name\":\"Para empresas - iBoltt\",\"isPartOf\":{\"@id\":\"https:\/\/iboltt.com.br\/site\/#website\"},\"datePublished\":\"2020-12-01T14:57:24+00:00\",\"dateModified\":\"2021-10-21T13:38:58+00:00\",\"description\":\"O iBoltt \\u00e9 garantia de seguran\\u00e7a, economia e ger\\u00eancia dos pedidos do seu estabelecimento, acompanhe os pedidos do seu neg\\u00f3cio em tempo real.\",\"breadcrumb\":{\"@id\":\"https:\/\/iboltt.com.br\/site\/para-empresas\/#breadcrumb\"},\"inLanguage\":\"en-US\",\"potentialAction\":[{\"@type\":\"ReadAction\",\"target\":[\"https:\/\/iboltt.com.br\/site\/para-empresas\/\"]}]},{\"@type\":\"BreadcrumbList\",\"@id\":\"https:\/\/iboltt.com.br\/site\/para-empresas\/#breadcrumb\",\"itemListElement\":[{\"@type\":\"ListItem\",\"position\":1,\"name\":\"Home\",\"item\":\"https:\/\/iboltt.com.br\/site\/\"},{\"@type\":\"ListItem\",\"position\":2,\"name\":\"Para empresas\"}]}]}<\/script>\n<!-- \/ Yoast SEO plugin. -->","yoast_head_json":{"title":"Para empresas - iBoltt","description":"O iBoltt \u00e9 garantia de seguran\u00e7a, economia e ger\u00eancia dos pedidos do seu estabelecimento, acompanhe os pedidos do seu neg\u00f3cio em tempo real.","robots":{"index":"index","follow":"follow","max-snippet":"max-snippet:-1","max-image-preview":"max-image-preview:large","max-video-preview":"max-video-preview:-1"},"canonical":"https:\/\/iboltt.com.br\/site\/para-empresas\/","og_locale":"en_US","og_type":"article","og_title":"Para empresas - iBoltt","og_description":"O iBoltt \u00e9 garantia de seguran\u00e7a, economia e ger\u00eancia dos pedidos do seu estabelecimento, acompanhe os pedidos do seu neg\u00f3cio em tempo real.","og_url":"https:\/\/iboltt.com.br\/site\/para-empresas\/","og_site_name":"iBoltt","article_modified_time":"2021-10-21T13:38:58+00:00","twitter_card":"summary_large_image","twitter_misc":{"Est. reading time":"6 minutes"},"schema":{"@context":"https:\/\/schema.org","@graph":[{"@type":"WebSite","@id":"https:\/\/iboltt.com.br\/site\/#website","url":"https:\/\/iboltt.com.br\/site\/","name":"iBoltt","description":"Solu\u00e7\u00e3o completa em transporte e log\u00edstica","potentialAction":[{"@type":"SearchAction","target":{"@type":"EntryPoint","urlTemplate":"https:\/\/iboltt.com.br\/site\/?s={search_term_string}"},"query-input":"required name=search_term_string"}],"inLanguage":"en-US"},{"@type":"WebPage","@id":"https:\/\/iboltt.com.br\/site\/para-empresas\/#webpage","url":"https:\/\/iboltt.com.br\/site\/para-empresas\/","name":"Para empresas - iBoltt","isPartOf":{"@id":"https:\/\/iboltt.com.br\/site\/#website"},"datePublished":"2020-12-01T14:57:24+00:00","dateModified":"2021-10-21T13:38:58+00:00","description":"O iBoltt \u00e9 garantia de seguran\u00e7a, economia e ger\u00eancia dos pedidos do seu estabelecimento, acompanhe os pedidos do seu neg\u00f3cio em tempo real.","breadcrumb":{"@id":"https:\/\/iboltt.com.br\/site\/para-empresas\/#breadcrumb"},"inLanguage":"en-US","potentialAction":[{"@type":"ReadAction","target":["https:\/\/iboltt.com.br\/site\/para-empresas\/"]}]},{"@type":"BreadcrumbList","@id":"https:\/\/iboltt.com.br\/site\/para-empresas\/#breadcrumb","itemListElement":[{"@type":"ListItem","position":1,"name":"Home","item":"https:\/\/iboltt.com.br\/site\/"},{"@type":"ListItem","position":2,"name":"Para empresas"}]}]}},"_links":{"self":[{"href":"https:\/\/iboltt.com.br\/site\/wp-json\/wp\/v2\/pages\/13678"}],"collection":[{"href":"https:\/\/iboltt.com.br\/site\/wp-json\/wp\/v2\/pages"}],"about":[{"href":"https:\/\/iboltt.com.br\/site\/wp-json\/wp\/v2\/types\/page"}],"author":[{"embeddable":true,"href":"https:\/\/iboltt.com.br\/site\/wp-json\/wp\/v2\/users\/1"}],"replies":[{"embeddable":true,"href":"https:\/\/iboltt.com.br\/site\/wp-json\/wp\/v2\/comments?post=13678"}],"version-history":[{"count":29,"href":"https:\/\/iboltt.com.br\/site\/wp-json\/wp\/v2\/pages\/13678\/revisions"}],"predecessor-version":[{"id":14332,"href":"https:\/\/iboltt.com.br\/site\/wp-json\/wp\/v2\/pages\/13678\/revisions\/14332"}],"wp:attachment":[{"href":"https:\/\/iboltt.com.br\/site\/wp-json\/wp\/v2\/media?parent=13678"}],"wp:term":[{"taxonomy":"cidade","embeddable":true,"href":"https:\/\/iboltt.com.br\/site\/wp-json\/wp\/v2\/cidade?post=13678"}],"curies":[{"name":"wp","href":"https:\/\/api.w.org\/{rel}","templated":true}]}}