{"id":13710,"date":"2020-12-07T12:48:00","date_gmt":"2020-12-07T15:48:00","guid":{"rendered":"https:\/\/iboltt.com.br\/site\/?page_id=13710"},"modified":"2021-10-21T10:45:19","modified_gmt":"2021-10-21T13:45:19","slug":"para-prestadores","status":"publish","type":"page","link":"https:\/\/iboltt.com.br\/site\/para-prestadores\/","title":{"rendered":"Para prestadores"},"content":{"rendered":"<p>[vc_section full_width=&#8221;stretch_row&#8221; pix_over_visibility=&#8221;&#8221; b_custom_height=&#8221;500px&#8221;][vc_row pix_particles_check=&#8221;&#8221;][vc_column content_align=&#8221;text-center&#8221;]<div class=\"mb-3 text-center  vc_custom_1607355592138\"><h2 class=\"mb-32 pix-sliding-headline font-weight-bold secondary-font\" data-class=\"text-black\" data-style=\"\">Comece a ganhar agora mesmo!<\/h2><\/div><div class=\"slide-in-container w-100 text-center \" ><p class=\"text-20  text-body-default text-center \" ><span class=\"animate-in d-inline-block\" data-anim-delay=\"200\" data-anim-type=\"fade-in-up\">Muitas vantagens e benef\u00edcios de fazer o pr\u00f3prio neg\u00f3cio.<\/span><\/p><\/div>[\/vc_column][\/vc_row][vc_row pix_particles_check=&#8221;&#8221; css=&#8221;.vc_custom_1606833081835{padding-top: 80px !important;padding-bottom: 80px !important;}&#8221;][vc_column css=&#8221;.vc_custom_1580913185779{padding-top: 20px !important;padding-bottom: 20px !important;}&#8221;]<div class=\"card  overflow-hidden row no-gutters flex-column flex-md-row flex-md-row-reverse   vc_custom_1607516158149 shadow-lg  animate-in \" data-anim-delay=\"0\" data-anim-type=\"fade-in-up\"><div class=\"flex-column col-md-6\"><img class=\"pix-lazy card-img pix-fit-cover rounded-0 flex-grow-1 h-100\" src=\"https:\/\/iboltt.com.br\/site\/wp-content\/plugins\/pixfort-core\/functions\/images\/placeholder.png\" data-srcset=\"https:\/\/iboltt.com.br\/site\/wp-content\/uploads\/2020\/12\/img-pc-07-279x300.jpg 279w, https:\/\/iboltt.com.br\/site\/wp-content\/uploads\/2020\/12\/img-pc-07.jpg 534w\" data-src=\"https:\/\/iboltt.com.br\/site\/wp-content\/uploads\/2020\/12\/img-pc-07.jpg\" loading=\"lazy\" alt=\"\" \/><\/div><div class=\"card-body d-flex2 align-content-between flex-wrap col-md-6 p-lg-5 p-md-5 p-4\"><div class=\"mb-3 text-left \"><h3 class=\"mb-32 pix-sliding-headline font-weight-bold secondary-font\" data-class=\"text-heading-default\" data-style=\"\">Praticidade, seguran\u00e7a e economia<\/h3><\/div><div class=\"slide-in-container w-100  \" ><div class=\" text-body-default  \" >Com o iBoltt, voc\u00ea pode ser dono do seu pr\u00f3prio neg\u00f3cio. Fa\u00e7a um cadastro simples pelo seu celular e trabalhe quando e onde quiser. S\u00f3 o iBoltt proporciona uma concorr\u00eancia mais justa, atrav\u00e9s de uma l\u00f3gica de pre\u00e7os e taxas inteligentes. Cadastre-se e comece a ganhar agora mesmo!<\/div><\/div>[vc_empty_space height=&#8221;50px&#8221;]<div class=\"slide-in-container w-100  \" ><div class=\"text-xs text-black  font-weight-bold secondary-font\" >Dispon\u00edvel nas plataformas<\/div><\/div>[vc_row_inner][vc_column_inner width=&#8221;1\/6&#8243;]<div class=\"pix-icon text-left \"><div class=\"feature_img d-inline-block \"   style=\"width:54px;height:54px;position:relative;line-height:54px;text-align:center;\"><i style=\"display:inline-block;font-size:30px;line-height:30px;\" class=\"text-gray-4 align-middle pixicon-play2\"><\/i><\/div><\/div>[\/vc_column_inner][vc_column_inner width=&#8221;1\/6&#8243;][\/vc_column_inner][vc_column_inner width=&#8221;1\/6&#8243;][\/vc_column_inner][vc_column_inner width=&#8221;1\/6&#8243;][\/vc_column_inner][vc_column_inner width=&#8221;1\/6&#8243;][\/vc_column_inner][vc_column_inner width=&#8221;1\/6&#8243;][\/vc_column_inner][\/vc_row_inner]<\/div><\/div>\n[\/vc_column][\/vc_row][vc_row full_width=&#8221;stretch_row&#8221; content_placement=&#8221;middle&#8221; pix_particles_check=&#8221;&#8221; pix_overlay_color=&#8221;black&#8221; css=&#8221;.vc_custom_1625598324336{padding-top: 150px !important;padding-bottom: 150px !important;background-image: url(https:\/\/iboltt.com.br\/site\/wp-content\/uploads\/2020\/12\/img-pc-06.jpg?id=13713) !important;}&#8221; pix_overlay_opacity=&#8221;0.3&#8243;][vc_column content_align=&#8221;text-center&#8221;]<div  class=\"text-center \"><div><div class=\"slide-in-container\"><h2 class=\"text-white font-weight-bold animate-in mb-1\" style=\"\" data-anim-type=\"slide-in-up\" data-anim-delay=\"0\">Diferenciais para prestadores<\/h2><\/div><\/div><\/div>[vc_empty_space height=&#8221;30px&#8221;]<div class=\"slide-in-container w-100   vc_custom_1634823784012\" ><p class=\"text-18  text-body-default  \" ><span class=\"animate-in d-inline-block\" data-anim-delay=\"200\" data-anim-type=\"fade-in-up\">Fa\u00e7a um cadastro sem burocracia e disponha de milhares de empresas e clientes registrados no nosso sistema solicitando seu servi\u00e7o. No iBoltt voc\u00ea tem a menor tarifa e o maior valor por entrega do mercado. Baixe j\u00e1 o aplicativo clicando no bot\u00e3o abaixo.<\/span><\/p><\/div>[vc_empty_space height=&#8221;30px&#8221;]<a href=\"https:\/\/play.google.com\/store\/apps\/details?id=com.tellaworld.prestadores.iboltt&amp;hl=en\" class=\"btn mb-2    text-white btn-primary d-inline-block    secondary-font  animate-in btn-lg\"   data-anim-type=\"fade-in-up\" data-anim-delay=\"400\" ><i class=\"font-weight-bold pixicon-play2   mr-1\"><\/i> <span class=\"font-weight-bold \" >Dispon\u00edvel na Google Play<\/span><\/a>[\/vc_column][\/vc_row][vc_row full_width=&#8221;stretch_row&#8221; content_placement=&#8221;middle&#8221; pix_particles_check=&#8221;&#8221; css=&#8221;.vc_custom_1607353189363{padding-top: 150px !important;padding-bottom: 80px !important;}&#8221;][vc_column content_align=&#8221;text-center&#8221;][vc_row_inner][vc_column_inner width=&#8221;1\/3&#8243;]<div class=\"pix-content-box pix-card-element bg-white2 p-4 rounded-xl   vc_custom_1607355955827  rounded-lg  overflow-hidden shadow-lg \" ><div class=\"py-3\"><h6 style=\"\" class=\"card-title font-weight-bold text-heading-default\">Facilidade<\/h6><p class=\"card-text text-body-default \">Cadastro simples pelo seu celular sem burocracia.<\/p><\/div><div class=\"card-footer text-right\"><a  href=\"\" class=\"d-flex align-items-center justify-content-end font-weight-bold text-heading-default \"> <i class=\"pixicon-angle-right ml-2\"><\/i><\/a><\/div><\/div>[vc_empty_space height=&#8221;10px&#8221;][\/vc_column_inner][vc_column_inner width=&#8221;1\/3&#8243;]<div class=\"pix-content-box pix-card-element bg-white2 p-4 rounded-xl   vc_custom_1607355976386  rounded-lg  overflow-hidden shadow-lg \" ><div class=\"py-3\"><h6 style=\"\" class=\"card-title font-weight-bold text-heading-default\">Independ\u00eancia<\/h6><p class=\"card-text text-body-default \">Voc\u00ea \u00e9 o dono do seu neg\u00f3cio e trabalha quando quiser.<\/p><\/div><div class=\"card-footer text-right\"><a  href=\"\" class=\"d-flex align-items-center justify-content-end font-weight-bold text-heading-default \"> <i class=\"pixicon-angle-right ml-2\"><\/i><\/a><\/div><\/div>[vc_empty_space height=&#8221;10px&#8221;][\/vc_column_inner][vc_column_inner width=&#8221;1\/3&#8243;]<div class=\"pix-content-box pix-card-element bg-white2 p-4 rounded-xl   vc_custom_1607355994155  rounded-lg  overflow-hidden shadow-lg \" ><div class=\"py-3\"><h6 style=\"\" class=\"card-title font-weight-bold text-heading-default\">Visibilidade<\/h6><p class=\"card-text text-body-default \">Milhares de clientes e empresas pedindo seu servi\u00e7o.<\/p><\/div><div class=\"card-footer text-right\"><a  href=\"\" class=\"d-flex align-items-center justify-content-end font-weight-bold text-heading-default \"> <i class=\"pixicon-angle-right ml-2\"><\/i><\/a><\/div><\/div>[vc_empty_space height=&#8221;10px&#8221;][\/vc_column_inner][\/vc_row_inner][vc_empty_space height=&#8221;20px&#8221;][vc_row_inner][vc_column_inner width=&#8221;1\/3&#8243;]<div class=\"pix-content-box pix-card-element bg-white2 p-4 rounded-xl   vc_custom_1634823735920  rounded-lg  overflow-hidden shadow-lg \" ><div class=\"py-3\"><h6 style=\"\" class=\"card-title font-weight-bold text-heading-default\">Economia<\/h6><p class=\"card-text text-body-default \">Menor tarifa e o maior valor por entrega do mercado.<\/p><\/div><div class=\"card-footer text-right\"><a  href=\"\" class=\"d-flex align-items-center justify-content-end font-weight-bold text-heading-default \"> <i class=\"pixicon-angle-right ml-2\"><\/i><\/a><\/div><\/div>[vc_empty_space height=&#8221;10px&#8221;][\/vc_column_inner][vc_column_inner width=&#8221;1\/3&#8243;]<div class=\"pix-content-box pix-card-element bg-white2 p-4 rounded-xl   vc_custom_1607356068427  rounded-lg  overflow-hidden shadow-lg \" ><div class=\"py-3\"><h6 style=\"\" class=\"card-title font-weight-bold text-heading-default\">Seguran\u00e7a<\/h6><p class=\"card-text text-body-default \">Saiba quais os clientes demandaram o seu servi\u00e7o.<\/p><\/div><div class=\"card-footer text-right\"><a  href=\"\" class=\"d-flex align-items-center justify-content-end font-weight-bold text-heading-default \"> <i class=\"pixicon-angle-right ml-2\"><\/i><\/a><\/div><\/div>[vc_empty_space height=&#8221;10px&#8221;][\/vc_column_inner][vc_column_inner width=&#8221;1\/3&#8243;]<div class=\"pix-content-box pix-card-element bg-white2 p-4 rounded-xl   vc_custom_1607516707991  rounded-lg  overflow-hidden shadow-lg \" ><div class=\"py-3\"><h6 style=\"\" class=\"card-title font-weight-bold text-white\">Cadastre-se<\/h6><p class=\"card-text text-white \">Fa\u00e7a j\u00e1 seu cadastro e comece a usar o iBoltt Delivery.<\/p><\/div><div class=\"card-footer text-right\"><a  href=\"\" class=\"d-flex align-items-center justify-content-end font-weight-bold text-body-default \"> <i class=\"pixicon-angle-right ml-2\"><\/i><\/a><\/div><\/div>[vc_empty_space height=&#8221;10px&#8221;][\/vc_column_inner][\/vc_row_inner][\/vc_column][\/vc_row][vc_row full_width=&#8221;stretch_row&#8221; pix_particles_check=&#8221;&#8221; css=&#8221;.vc_custom_1606832448104{padding-top: 80px !important;padding-bottom: 80px !important;}&#8221;][vc_column content_align=&#8221;text-center&#8221;]<div class=\"pix-content-box card      vc_custom_1606832393909  rounded-10 shadow-lg shadow-hover-lg fly-sm animate-in bg- w-100  \"  data-anim-type=\"fade-in-up\" data-anim-delay=\"0\"><div class=\"\" style=\"z-index:30;position:relative;\"><h6 class=\"d-inline-block mr-1 animate-in\" data-anim-type=\"fade-in-up\" data-anim-delay=\"0\"><span class=\"badge font-weight-bold secondary-font bg-dark-opacity-1  vc_custom_1606412537962 \" style=\" \"><span class=\"text-heading-default\" style=\"\">F\u00e1cil e r\u00e1pido<\/span><\/span><\/h6><div class=\"slide-in-container w-100   vc_custom_1606412584499\" ><p class=\"text-24  text-gradient-primary  font-weight-bold secondary-font\" ><span class=\"animate-in d-inline-block\" data-anim-delay=\"200\" data-anim-type=\"fade-in-up\">Veja como funciona<\/span><\/p><\/div><div class=\"row pix-levels mb-3 mb-sm-0 mx-0 \" style=\"border-bottom:0;\"><div class=\"col-xs-12 col-md-2 pix-levels-step complete px-0\">\n\t\t\t  <h6 class=\"text-center font-weight-bold text-heading-default pb-3\" style=\"\">Download<\/h6>\n\t\t\t  <div class=\"position-relative w-100 text-center mb-3\">\n\t\t\t\t  <div class=\"progress bg-gray-2\" ><div class=\"progress-bar bg-gradient-primary\" ><\/div><\/div>\n\t\t\t\t  <div class=\"pix-leveles-dot-div\"><span class=\"pix-levels-dot bg-gradient-primary\" >\n\t\t\t\t\t\t\t\t\t\t  <span class=\"pix-levels-dot-inner bg-dark-opacity-3\"><\/span>\n\t\t\t\t\t\t\t\t\t  <\/span><\/div>\n\t\t\t  <\/div><p class=\"text-center pix-p-10 secondary-font text-body-default\" >Baixe o aplicativo iBoltt Prestadores na loja do Android (Play Store).<\/p><\/div><div class=\"col-xs-12 col-md-2 pix-levels-step complete px-0\">\n\t\t\t  <h6 class=\"text-center font-weight-bold text-heading-default pb-3\" style=\"\">Cadastro<\/h6>\n\t\t\t  <div class=\"position-relative w-100 text-center mb-3\">\n\t\t\t\t  <div class=\"progress bg-gray-2\" ><div class=\"progress-bar bg-gradient-primary\" ><\/div><\/div>\n\t\t\t\t  <div class=\"pix-leveles-dot-div\"><span class=\"pix-levels-dot bg-gradient-primary\" >\n\t\t\t\t\t\t\t\t\t\t  <span class=\"pix-levels-dot-inner bg-dark-opacity-3\"><\/span>\n\t\t\t\t\t\t\t\t\t  <\/span><\/div>\n\t\t\t  <\/div><p class=\"text-center pix-p-10 secondary-font text-body-default\" >Cadastre-se preenchendo um simples formul\u00e1rio.<\/p><\/div><div class=\"col-xs-12 col-md-2 pix-levels-step complete px-0\">\n\t\t\t  <h6 class=\"text-center font-weight-bold text-heading-default pb-3\" style=\"\">Ativa\u00e7\u00e3o<\/h6>\n\t\t\t  <div class=\"position-relative w-100 text-center mb-3\">\n\t\t\t\t  <div class=\"progress bg-gray-2\" ><div class=\"progress-bar bg-gradient-primary\" ><\/div><\/div>\n\t\t\t\t  <div class=\"pix-leveles-dot-div\"><span class=\"pix-levels-dot bg-gradient-primary\" >\n\t\t\t\t\t\t\t\t\t\t  <span class=\"pix-levels-dot-inner bg-dark-opacity-3\"><\/span>\n\t\t\t\t\t\t\t\t\t  <\/span><\/div>\n\t\t\t  <\/div><p class=\"text-center pix-p-10 secondary-font text-body-default\" >Anexe os documentos necess\u00e1rios e depois de uma an\u00e1lise do seu cadastro pela equipe do iBoltt voc\u00ea estar\u00e1 apto a prestar o servi\u00e7o utilizando o aplicativo.<\/p><\/div><div class=\"col-xs-12 col-md-2 pix-levels-step complete px-0\">\n\t\t\t  <h6 class=\"text-center font-weight-bold text-heading-default pb-3\" style=\"\">Acesso<\/h6>\n\t\t\t  <div class=\"position-relative w-100 text-center mb-3\">\n\t\t\t\t  <div class=\"progress bg-gray-2\" ><div class=\"progress-bar bg-gradient-primary\" ><\/div><\/div>\n\t\t\t\t  <div class=\"pix-leveles-dot-div\"><span class=\"pix-levels-dot bg-gradient-primary\" >\n\t\t\t\t\t\t\t\t\t\t  <span class=\"pix-levels-dot-inner bg-dark-opacity-3\"><\/span>\n\t\t\t\t\t\t\t\t\t  <\/span><\/div>\n\t\t\t  <\/div><p class=\"text-center pix-p-10 secondary-font text-body-default\" >Ao entrar no aplicativo informe qual o tipo de servi\u00e7o que vai prestar (Taxi, Carro Particular, Mototaxi, Motoboy ou Bikeboy).<\/p><\/div><div class=\"col-xs-12 col-md-2 pix-levels-step complete px-0\">\n\t\t\t  <h6 class=\"text-center font-weight-bold text-heading-default pb-3\" style=\"\">Ganhos<\/h6>\n\t\t\t  <div class=\"position-relative w-100 text-center mb-3\">\n\t\t\t\t  <div class=\"progress bg-gray-2\" ><div class=\"progress-bar bg-gradient-primary\" ><\/div><\/div>\n\t\t\t\t  <div class=\"pix-leveles-dot-div\"><span class=\"pix-levels-dot bg-gradient-primary\" >\n\t\t\t\t\t\t\t\t\t\t  <span class=\"pix-levels-dot-inner bg-dark-opacity-3\"><\/span>\n\t\t\t\t\t\t\t\t\t  <\/span><\/div>\n\t\t\t  <\/div><p class=\"text-center pix-p-10 secondary-font text-body-default\" >No iBoltt voc\u00ea ganha dinheiro de verdade. Menor tarifa e maior valor por corrida.<\/p><\/div><div class=\"col-xs-12 col-md-2 pix-levels-step active px-0\">\n\t\t\t  <h6 class=\"text-center font-weight-bold text-heading-default pb-3\" style=\"\">M\u00e3o de obra<\/h6>\n\t\t\t  <div class=\"position-relative w-100 text-center mb-3\">\n\t\t\t\t  <div class=\"progress bg-gray-2\" ><div class=\"progress-bar bg-gradient-primary\" ><\/div><\/div>\n\t\t\t\t  <div class=\"pix-leveles-dot-div\"><span class=\"pix-levels-dot bg-gradient-primary\" >\n\t\t\t\t\t\t\t\t\t\t  <span class=\"pix-levels-dot-inner bg-dark-opacity-3\"><\/span>\n\t\t\t\t\t\t\t\t\t  <\/span><\/div>\n\t\t\t  <\/div><p class=\"text-center pix-p-10 secondary-font text-body-default\" >\u00c9 muito simples, com o aplicativo instalado no seu smartphone basta ficar online, aceitar as corridas e partir para o abra\u00e7o.<\/p><\/div><\/div><div class=\"slide-in-container w-100  \" ><div class=\"text-xs text-body-default  \" >*Lembre-se de que voc\u00ea \u00e9 avaliado a cada atendimento. \u00c9 importante prestar aten\u00e7\u00e3o em algumas dicas: boa apresenta\u00e7\u00e3o, cordialidade e cuidado com o objeto transportado. Itens de prote\u00e7\u00e3o, manuten\u00e7\u00e3o do ve\u00edculo e cuidados na dire\u00e7\u00e3o tamb\u00e9m s\u00e3o essenciais para sua seguran\u00e7a e dos passageiros.<\/div><\/div><\/div><\/div>[\/vc_column][\/vc_row][\/vc_section]<\/p>\n","protected":false},"excerpt":{"rendered":"[vc_section full_width=&#8221;stretch_row&#8221; pix_over_visibility=&#8221;&#8221; b_custom_height=&#8221;500px&#8221;][vc_row pix_particles_check=&#8221;&#8221;][vc_column content_align=&#8221;text-center&#8221;][\/vc_column][\/vc_row][vc_row pix_particles_check=&#8221;&#8221; css=&#8221;.vc_custom_1606833081835{padding-top: 80px !important;padding-bottom: 80px !important;}&#8221;][vc_column css=&#8221;.vc_custom_1580913185779{padding-top: 20px !important;padding-bottom: 20px !important;}&#8221;][\/vc_column][\/vc_row][vc_row full_width=&#8221;stretch_row&#8221; content_placement=&#8221;middle&#8221; pix_particles_check=&#8221;&#8221; pix_overlay_color=&#8221;black&#8221; css=&#8221;.vc_custom_1625598324336{padding-top: 150px !important;padding-bottom: 150px !important;background-image: url(https:\/\/iboltt.com.br\/site\/wp-content\/uploads\/2020\/12\/img-pc-06.jpg?id=13713) !important;}&#8221; pix_overlay_opacity=&#8221;0.3&#8243;][vc_column content_align=&#8221;text-center&#8221;][vc_empty_space height=&#8221;30px&#8221;][vc_empty_space height=&#8221;30px&#8221;][\/vc_column][\/vc_row][vc_row full_width=&#8221;stretch_row&#8221; content_placement=&#8221;middle&#8221; pix_particles_check=&#8221;&#8221; css=&#8221;.vc_custom_1607353189363{padding-top: 150px !important;padding-bottom: 80px !important;}&#8221;][vc_column&#8230;","protected":false},"author":1,"featured_media":0,"parent":0,"menu_order":0,"comment_status":"closed","ping_status":"closed","template":"","meta":[],"cidade":[],"yoast_head":"<!-- This site is optimized with the Yoast SEO plugin v16.7 - https:\/\/yoast.com\/wordpress\/plugins\/seo\/ -->\n<title>Para prestadores - iBoltt<\/title>\n<meta name=\"description\" content=\"Com o iBoltt, voc\u00ea pode ser dono do seu pr\u00f3prio neg\u00f3cio. Fa\u00e7a um cadastro simples pelo seu celular e trabalhe quando e onde quiser.\" \/>\n<meta name=\"robots\" content=\"index, follow, max-snippet:-1, max-image-preview:large, max-video-preview:-1\" \/>\n<link rel=\"canonical\" href=\"https:\/\/iboltt.com.br\/site\/para-prestadores\/\" \/>\n<meta property=\"og:locale\" content=\"en_US\" \/>\n<meta property=\"og:type\" content=\"article\" \/>\n<meta property=\"og:title\" content=\"Para prestadores - iBoltt\" \/>\n<meta property=\"og:description\" content=\"Com o iBoltt, voc\u00ea pode ser dono do seu pr\u00f3prio neg\u00f3cio. Fa\u00e7a um cadastro simples pelo seu celular e trabalhe quando e onde quiser.\" \/>\n<meta property=\"og:url\" content=\"https:\/\/iboltt.com.br\/site\/para-prestadores\/\" \/>\n<meta property=\"og:site_name\" content=\"iBoltt\" \/>\n<meta property=\"article:modified_time\" content=\"2021-10-21T13:45:19+00:00\" \/>\n<meta name=\"twitter:card\" content=\"summary_large_image\" \/>\n<meta name=\"twitter:label1\" content=\"Est. reading time\" \/>\n\t<meta name=\"twitter:data1\" content=\"6 minutes\" \/>\n<script type=\"application\/ld+json\" class=\"yoast-schema-graph\">{\"@context\":\"https:\/\/schema.org\",\"@graph\":[{\"@type\":\"WebSite\",\"@id\":\"https:\/\/iboltt.com.br\/site\/#website\",\"url\":\"https:\/\/iboltt.com.br\/site\/\",\"name\":\"iBoltt\",\"description\":\"Solu\\u00e7\\u00e3o completa em transporte e log\\u00edstica\",\"potentialAction\":[{\"@type\":\"SearchAction\",\"target\":{\"@type\":\"EntryPoint\",\"urlTemplate\":\"https:\/\/iboltt.com.br\/site\/?s={search_term_string}\"},\"query-input\":\"required name=search_term_string\"}],\"inLanguage\":\"en-US\"},{\"@type\":\"WebPage\",\"@id\":\"https:\/\/iboltt.com.br\/site\/para-prestadores\/#webpage\",\"url\":\"https:\/\/iboltt.com.br\/site\/para-prestadores\/\",\"name\":\"Para prestadores - iBoltt\",\"isPartOf\":{\"@id\":\"https:\/\/iboltt.com.br\/site\/#website\"},\"datePublished\":\"2020-12-07T15:48:00+00:00\",\"dateModified\":\"2021-10-21T13:45:19+00:00\",\"description\":\"Com o iBoltt, voc\\u00ea pode ser dono do seu pr\\u00f3prio neg\\u00f3cio. Fa\\u00e7a um cadastro simples pelo seu celular e trabalhe quando e onde quiser.\",\"breadcrumb\":{\"@id\":\"https:\/\/iboltt.com.br\/site\/para-prestadores\/#breadcrumb\"},\"inLanguage\":\"en-US\",\"potentialAction\":[{\"@type\":\"ReadAction\",\"target\":[\"https:\/\/iboltt.com.br\/site\/para-prestadores\/\"]}]},{\"@type\":\"BreadcrumbList\",\"@id\":\"https:\/\/iboltt.com.br\/site\/para-prestadores\/#breadcrumb\",\"itemListElement\":[{\"@type\":\"ListItem\",\"position\":1,\"name\":\"Home\",\"item\":\"https:\/\/iboltt.com.br\/site\/\"},{\"@type\":\"ListItem\",\"position\":2,\"name\":\"Para prestadores\"}]}]}<\/script>\n<!-- \/ Yoast SEO plugin. -->","yoast_head_json":{"title":"Para prestadores - iBoltt","description":"Com o iBoltt, voc\u00ea pode ser dono do seu pr\u00f3prio neg\u00f3cio. Fa\u00e7a um cadastro simples pelo seu celular e trabalhe quando e onde quiser.","robots":{"index":"index","follow":"follow","max-snippet":"max-snippet:-1","max-image-preview":"max-image-preview:large","max-video-preview":"max-video-preview:-1"},"canonical":"https:\/\/iboltt.com.br\/site\/para-prestadores\/","og_locale":"en_US","og_type":"article","og_title":"Para prestadores - iBoltt","og_description":"Com o iBoltt, voc\u00ea pode ser dono do seu pr\u00f3prio neg\u00f3cio. Fa\u00e7a um cadastro simples pelo seu celular e trabalhe quando e onde quiser.","og_url":"https:\/\/iboltt.com.br\/site\/para-prestadores\/","og_site_name":"iBoltt","article_modified_time":"2021-10-21T13:45:19+00:00","twitter_card":"summary_large_image","twitter_misc":{"Est. reading time":"6 minutes"},"schema":{"@context":"https:\/\/schema.org","@graph":[{"@type":"WebSite","@id":"https:\/\/iboltt.com.br\/site\/#website","url":"https:\/\/iboltt.com.br\/site\/","name":"iBoltt","description":"Solu\u00e7\u00e3o completa em transporte e log\u00edstica","potentialAction":[{"@type":"SearchAction","target":{"@type":"EntryPoint","urlTemplate":"https:\/\/iboltt.com.br\/site\/?s={search_term_string}"},"query-input":"required name=search_term_string"}],"inLanguage":"en-US"},{"@type":"WebPage","@id":"https:\/\/iboltt.com.br\/site\/para-prestadores\/#webpage","url":"https:\/\/iboltt.com.br\/site\/para-prestadores\/","name":"Para prestadores - iBoltt","isPartOf":{"@id":"https:\/\/iboltt.com.br\/site\/#website"},"datePublished":"2020-12-07T15:48:00+00:00","dateModified":"2021-10-21T13:45:19+00:00","description":"Com o iBoltt, voc\u00ea pode ser dono do seu pr\u00f3prio neg\u00f3cio. Fa\u00e7a um cadastro simples pelo seu celular e trabalhe quando e onde quiser.","breadcrumb":{"@id":"https:\/\/iboltt.com.br\/site\/para-prestadores\/#breadcrumb"},"inLanguage":"en-US","potentialAction":[{"@type":"ReadAction","target":["https:\/\/iboltt.com.br\/site\/para-prestadores\/"]}]},{"@type":"BreadcrumbList","@id":"https:\/\/iboltt.com.br\/site\/para-prestadores\/#breadcrumb","itemListElement":[{"@type":"ListItem","position":1,"name":"Home","item":"https:\/\/iboltt.com.br\/site\/"},{"@type":"ListItem","position":2,"name":"Para prestadores"}]}]}},"_links":{"self":[{"href":"https:\/\/iboltt.com.br\/site\/wp-json\/wp\/v2\/pages\/13710"}],"collection":[{"href":"https:\/\/iboltt.com.br\/site\/wp-json\/wp\/v2\/pages"}],"about":[{"href":"https:\/\/iboltt.com.br\/site\/wp-json\/wp\/v2\/types\/page"}],"author":[{"embeddable":true,"href":"https:\/\/iboltt.com.br\/site\/wp-json\/wp\/v2\/users\/1"}],"replies":[{"embeddable":true,"href":"https:\/\/iboltt.com.br\/site\/wp-json\/wp\/v2\/comments?post=13710"}],"version-history":[{"count":17,"href":"https:\/\/iboltt.com.br\/site\/wp-json\/wp\/v2\/pages\/13710\/revisions"}],"predecessor-version":[{"id":14333,"href":"https:\/\/iboltt.com.br\/site\/wp-json\/wp\/v2\/pages\/13710\/revisions\/14333"}],"wp:attachment":[{"href":"https:\/\/iboltt.com.br\/site\/wp-json\/wp\/v2\/media?parent=13710"}],"wp:term":[{"taxonomy":"cidade","embeddable":true,"href":"https:\/\/iboltt.com.br\/site\/wp-json\/wp\/v2\/cidade?post=13710"}],"curies":[{"name":"wp","href":"https:\/\/api.w.org\/{rel}","templated":true}]}}