{"id":13965,"date":"2021-06-03T17:19:29","date_gmt":"2021-06-03T20:19:29","guid":{"rendered":"https:\/\/iboltt.com.br\/site\/?page_id=13965"},"modified":"2021-07-09T11:15:34","modified_gmt":"2021-07-09T14:15:34","slug":"para-representantes","status":"publish","type":"page","link":"https:\/\/iboltt.com.br\/site\/para-representantes\/","title":{"rendered":"Para representantes"},"content":{"rendered":"[vc_section full_width=&#8221;stretch_row&#8221; pix_over_visibility=&#8221;&#8221; b_custom_height=&#8221;500px&#8221;][vc_row pix_particles_check=&#8221;&#8221; css=&#8221;.vc_custom_1623374573558{padding-top: 60px !important;padding-bottom: 60px !important;}&#8221;][vc_column]<div  class=\"text-left \"><div><div class=\"slide-in-container\"><h3 class=\"text-body-default font-weight-bold mb-1\" style=\"\" data-anim-type=\"\" data-anim-delay=\"0\">Quer ser dono do iBoltt na sua cidade?<\/h3><\/div><\/div><\/div>[vc_empty_space height=&#8221;10px&#8221;]<div class=\"slide-in-container w-100  \" ><div class=\"d-inline-block\" style=\"max-width:900px;\"><div class=\"text-18 text-body-default  \" >Preencha corretamente o formul\u00e1rio com suas informa\u00e7\u00f5es pessoais e profissionais e aguarde um contato do nosso time comercial. <\/div><\/div><\/div>[vc_empty_space]<div role=\"form\" class=\"wpcf7\" id=\"wpcf7-f13980-o1\" lang=\"en-US\" dir=\"ltr\">\n<div class=\"screen-reader-response\"><p role=\"status\" aria-live=\"polite\" aria-atomic=\"true\"><\/p> <ul><\/ul><\/div>\n<form action=\"\/site\/wp-json\/wp\/v2\/pages\/13965#wpcf7-f13980-o1\" method=\"post\" class=\"wpcf7-form init\" novalidate=\"novalidate\" data-status=\"init\">\n<div style=\"display: none;\">\n<input type=\"hidden\" name=\"_wpcf7\" value=\"13980\" \/>\n<input type=\"hidden\" name=\"_wpcf7_version\" value=\"5.4.2\" \/>\n<input type=\"hidden\" name=\"_wpcf7_locale\" value=\"en_US\" \/>\n<input type=\"hidden\" name=\"_wpcf7_unit_tag\" value=\"wpcf7-f13980-o1\" \/>\n<input type=\"hidden\" name=\"_wpcf7_container_post\" value=\"0\" \/>\n<input type=\"hidden\" name=\"_wpcf7_posted_data_hash\" value=\"\" \/>\n<input type=\"hidden\" name=\"_wpcf7cf_hidden_group_fields\" value=\"\" \/>\n<input type=\"hidden\" name=\"_wpcf7cf_hidden_groups\" value=\"\" \/>\n<input type=\"hidden\" name=\"_wpcf7cf_visible_groups\" value=\"\" \/>\n<input type=\"hidden\" name=\"_wpcf7cf_repeaters\" value=\"[]\" \/>\n<input type=\"hidden\" name=\"_wpcf7cf_steps\" value=\"{}\" \/>\n<input type=\"hidden\" name=\"_wpcf7cf_options\" value=\"{&quot;form_id&quot;:13980,&quot;conditions&quot;:[],&quot;settings&quot;:{&quot;animation&quot;:&quot;yes&quot;,&quot;animation_intime&quot;:200,&quot;animation_outtime&quot;:200,&quot;conditions_ui&quot;:&quot;normal&quot;,&quot;notice_dismissed&quot;:false,&quot;notice_dismissed_rollback-cf7-5.4.1&quot;:true}}\" \/>\n<\/div>\n<div class=\"pix-contact7-form\"><div class=\"row\">\n<div class=\"col-lg-12\">\n<h6><strong>Informa\u00e7\u00f5es pessoais<\/h6>\n<p><\/strong><br\/><\/div>\n<div class=\"col-lg-6\"><label class=\"w-100\">Nome*<br \/>\n<span class=\"wpcf7-form-control-wrap nome\"><input type=\"text\" name=\"nome\" value=\"\" size=\"40\" class=\"wpcf7-form-control wpcf7-text wpcf7-validates-as-required pix-my-5 shadow-0 bg-gray-2 form-control\" aria-required=\"true\" aria-invalid=\"false\" placeholder=\"Insira seu nome\" \/><\/span><\/label><\/div>\n<div class=\"col-lg-6\"><label class=\"w-100\">Email*<br \/>\n<span class=\"wpcf7-form-control-wrap email\"><input type=\"email\" name=\"email\" value=\"\" size=\"40\" class=\"wpcf7-form-control wpcf7-text wpcf7-email wpcf7-validates-as-required wpcf7-validates-as-email pix-my-5 shadow-0 bg-gray-2 form-control\" aria-required=\"true\" aria-invalid=\"false\" placeholder=\"Insira seu email\" \/><\/span><\/label><\/div>\n<div class=\"col-lg-6\"><label class=\"w-100\">Telefone*<br \/>\n<span class=\"wpcf7-form-control-wrap telefone\"><input type=\"tel\" name=\"telefone\" value=\"\" size=\"40\" class=\"wpcf7-form-control wpcf7-text wpcf7-tel wpcf7-validates-as-required wpcf7-validates-as-tel phone pix-my-5 shadow-0 bg-gray-2 form-control\" aria-required=\"true\" aria-invalid=\"false\" placeholder=\"(12) 3456-7890\" \/><\/span><\/label><\/div>\n<div class=\"col-lg-6\"><label class=\"w-100\">Data de nascimento*<br \/>\n<span class=\"wpcf7-form-control-wrap data_nascimento\"><input type=\"text\" name=\"data_nascimento\" value=\"\" size=\"40\" class=\"wpcf7-form-control wpcf7-text wpcf7-validates-as-required date pix-my-5 shadow-0 bg-gray-2 form-control\" aria-required=\"true\" aria-invalid=\"false\" placeholder=\"Insira sua data de nascimento\" \/><\/span><\/label><\/div>\n<div class=\"col-lg-6\"><label class=\"w-100\">Endere\u00e7o*<br \/>\n<span class=\"wpcf7-form-control-wrap endereco\"><input type=\"text\" name=\"endereco\" value=\"\" size=\"40\" class=\"wpcf7-form-control wpcf7-text wpcf7-validates-as-required pix-my-5 shadow-0 bg-gray-2 form-control\" aria-required=\"true\" aria-invalid=\"false\" placeholder=\"Insira seu endere\u00e7o\" \/><\/span><\/label><\/div>\n<div class=\"col-lg-6\"><label class=\"w-100\">CEP*<br \/>\n<span class=\"wpcf7-form-control-wrap cep\"><input type=\"text\" name=\"cep\" value=\"\" size=\"40\" class=\"wpcf7-form-control wpcf7-text wpcf7-validates-as-required cep pix-my-5 shadow-0 bg-gray-2 form-control\" aria-required=\"true\" aria-invalid=\"false\" placeholder=\"Insira seu CEP\" \/><\/span><\/label><\/div>\n<div class=\"col-lg-6\"><label class=\"w-100\">Estado*<br \/>\n<span class=\"wpcf7-form-control-wrap estado\"><select name=\"estado\" class=\"wpcf7-form-control wpcf7-select wpcf7-validates-as-required pix-my-5 shadow-0 bg-gray-2 form-control\" aria-required=\"true\" aria-invalid=\"false\"><option value=\"\">Selecione o Estado<\/option><option value=\"Acre\">Acre<\/option><option value=\"Alagoas\">Alagoas<\/option><option value=\"Amap\u00e1\">Amap\u00e1<\/option><option value=\"Amazonas\">Amazonas<\/option><option value=\"Bahia\">Bahia<\/option><option value=\"Cear\u00e1\">Cear\u00e1<\/option><option value=\"Distrito Federal\">Distrito Federal<\/option><option value=\"Esp\u00edrito Santo\">Esp\u00edrito Santo<\/option><option value=\"Goi\u00e1s\">Goi\u00e1s<\/option><option value=\"Maranh\u00e3o\">Maranh\u00e3o<\/option><option value=\"Mato Grosso\">Mato Grosso<\/option><option value=\"Mato Grosso do Sul\">Mato Grosso do Sul<\/option><option value=\"Minas Gerais\">Minas Gerais<\/option><option value=\"Par\u00e1\">Par\u00e1<\/option><option value=\"Para\u00edba\">Para\u00edba<\/option><option value=\"Paran\u00e1\">Paran\u00e1<\/option><option value=\"Pernambuco\">Pernambuco<\/option><option value=\"Piau\u00ed\">Piau\u00ed<\/option><option value=\"Rio de Janeiro\">Rio de Janeiro<\/option><option value=\"Rio Grande do Norte\">Rio Grande do Norte<\/option><option value=\"Rio Grande do Sul\">Rio Grande do Sul<\/option><option value=\"Rond\u00f4nia\">Rond\u00f4nia<\/option><option value=\"Roraima\">Roraima<\/option><option value=\"Santa Catarina\">Santa Catarina<\/option><option value=\"S\u00e3o Paulo\">S\u00e3o Paulo<\/option><option value=\"Sergipe\">Sergipe<\/option><option value=\"Tocantins\">Tocantins<\/option><\/select><\/span><\/label><\/div>\n<div class=\"col-lg-6\"><label class=\"w-100\">Cidade*<br \/>\n<span class=\"wpcf7-form-control-wrap cidade\"><input type=\"text\" name=\"cidade\" value=\"\" size=\"40\" class=\"wpcf7-form-control wpcf7-text wpcf7-validates-as-required pix-my-5 shadow-0 bg-gray-2 form-control\" aria-required=\"true\" aria-invalid=\"false\" placeholder=\"Insira sua cidade\" \/><\/span><\/label><\/div>\n<p><br\/><\/p>\n<div class=\"col-lg-12\">\n<h6><strong>Informa\u00e7\u00f5es profissionais<\/h6>\n<p><\/strong><br\/><\/div>\n<div class=\"col-lg-6\"><label class=\"w-100\">Profiss\u00e3o*<br \/>\n<span class=\"wpcf7-form-control-wrap profissao\"><input type=\"text\" name=\"profissao\" value=\"\" size=\"40\" class=\"wpcf7-form-control wpcf7-text wpcf7-validates-as-required pix-my-5 shadow-0 bg-gray-2 form-control\" aria-required=\"true\" aria-invalid=\"false\" placeholder=\"Insira sua atual ou \u00faltima ocupa\u00e7\u00e3o\" \/><\/span><\/label><\/div>\n<div class=\"col-lg-6\"><label class=\"w-100\">Empresa*<br \/>\n<span class=\"wpcf7-form-control-wrap empresa\"><input type=\"text\" name=\"empresa\" value=\"\" size=\"40\" class=\"wpcf7-form-control wpcf7-text wpcf7-validates-as-required pix-my-5 shadow-0 bg-gray-2 form-control\" aria-required=\"true\" aria-invalid=\"false\" placeholder=\"Insira o nome da empresa\" \/><\/span><\/label><\/div>\n<div class=\"col-lg-6\"><label class=\"w-100\">Cargo*<br \/>\n<span class=\"wpcf7-form-control-wrap cargo\"><input type=\"text\" name=\"cargo\" value=\"\" size=\"40\" class=\"wpcf7-form-control wpcf7-text wpcf7-validates-as-required pix-my-5 shadow-0 bg-gray-2 form-control\" aria-required=\"true\" aria-invalid=\"false\" placeholder=\"Insira o cargo ocupado\" \/><\/span><\/label><\/div>\n<div class=\"col-lg-6\"><label class=\"w-100\">Escolaridade*<br \/>\n<span class=\"wpcf7-form-control-wrap escolaridade\"><select name=\"escolaridade\" class=\"wpcf7-form-control wpcf7-select wpcf7-validates-as-required pix-my-5 shadow-0 bg-gray-2 form-control\" aria-required=\"true\" aria-invalid=\"false\"><option value=\"\">Selecione sua escolaridade<\/option><option value=\"N\u00edvel fundamental\">N\u00edvel fundamental<\/option><option value=\"N\u00edvel m\u00e9dio\">N\u00edvel m\u00e9dio<\/option><option value=\"N\u00edvel superior\">N\u00edvel superior<\/option><option value=\"P\u00f3s-gradua\u00e7\u00e3o\">P\u00f3s-gradua\u00e7\u00e3o<\/option><option value=\"Mestrado\">Mestrado<\/option><option value=\"Doutorado\">Doutorado<\/option><option value=\"P\u00f3s-doutorado\">P\u00f3s-doutorado<\/option><\/select><\/span><\/label><\/div>\n<div class=\"col-lg-6\"><label class=\"w-100\">J\u00e1 foi propriet\u00e1rio de alguma franquia?*<br \/>\n<span class=\"wpcf7-form-control-wrap franquia\"><span class=\"wpcf7-form-control wpcf7-radio\"><span class=\"wpcf7-list-item first\"><label><input type=\"radio\" name=\"franquia\" value=\"Sim\" checked=\"checked\" \/><span class=\"wpcf7-list-item-label\">Sim<\/span><\/label><\/span><span class=\"wpcf7-list-item last\"><label><input type=\"radio\" name=\"franquia\" value=\"N\u00e3o\" \/><span class=\"wpcf7-list-item-label\">N\u00e3o<\/span><\/label><\/span><\/span><\/span><\/label><\/div>\n<div class=\"col-lg-6\"><label class=\"w-100\">Possui alguma experi\u00eancia em com\u00e9rcio?*<br \/>\n<span class=\"wpcf7-form-control-wrap comercio\"><span class=\"wpcf7-form-control wpcf7-radio\"><span class=\"wpcf7-list-item first\"><label><input type=\"radio\" name=\"comercio\" value=\"Sim\" checked=\"checked\" \/><span class=\"wpcf7-list-item-label\">Sim<\/span><\/label><\/span><span class=\"wpcf7-list-item last\"><label><input type=\"radio\" name=\"comercio\" value=\"N\u00e3o\" \/><span class=\"wpcf7-list-item-label\">N\u00e3o<\/span><\/label><\/span><\/span><\/span><\/label><\/div>\n<p><br\/><\/p>\n<div class=\"col-lg-12\">\n<h6><strong>Por que se interessou pelo iBoltt?<\/h6>\n<p><\/strong><br\/><\/div>\n<div class=\"col-12\">\n<span class=\"wpcf7-form-control-wrap mensagem\"><textarea name=\"mensagem\" cols=\"40\" rows=\"4\" class=\"wpcf7-form-control wpcf7-textarea wpcf7-validates-as-required pix-my-5 shadow-0 bg-gray-2 form-control\" aria-required=\"true\" aria-invalid=\"false\" placeholder=\"Mensagem\"><\/textarea><\/span><\/div>\n<p><br\/>\n<\/div>\n<p><input type=\"submit\" value=\"Enviar\" class=\"wpcf7-form-control wpcf7-submit btn btn-black text-white w-100 pix-mt-10 font-weight-bold btn-lg shadow-hover\" \/><\/p>\n<\/div><div class=\"wpcf7-response-output\" aria-hidden=\"true\"><\/div><\/form><\/div>[vc_empty_space height=&#8221;40px&#8221;][\/vc_column][\/vc_row][\/vc_section]","protected":false},"excerpt":{"rendered":"[vc_section full_width=&#8221;stretch_row&#8221; pix_over_visibility=&#8221;&#8221; b_custom_height=&#8221;500px&#8221;][vc_row pix_particles_check=&#8221;&#8221; css=&#8221;.vc_custom_1623374573558{padding-top: 60px !important;padding-bottom: 60px !important;}&#8221;][vc_column][vc_empty_space height=&#8221;10px&#8221;][vc_empty_space][vc_empty_space height=&#8221;40px&#8221;][\/vc_column][\/vc_row][\/vc_section]","protected":false},"author":1,"featured_media":0,"parent":0,"menu_order":0,"comment_status":"closed","ping_status":"closed","template":"","meta":[],"cidade":[],"yoast_head":"<!-- This site is optimized with the Yoast SEO plugin v16.7 - https:\/\/yoast.com\/wordpress\/plugins\/seo\/ -->\n<title>Para representantes - iBoltt<\/title>\n<meta name=\"description\" content=\"Quer ser dono do iBoltt na sua cidade? Preencha o formul\u00e1rio com suas informa\u00e7\u00f5es pessoais e profissionais e entraremos em contato com voc\u00ea.\" \/>\n<meta name=\"robots\" content=\"index, follow, max-snippet:-1, max-image-preview:large, max-video-preview:-1\" \/>\n<link rel=\"canonical\" href=\"https:\/\/iboltt.com.br\/site\/para-representantes\/\" \/>\n<meta property=\"og:locale\" content=\"en_US\" \/>\n<meta property=\"og:type\" content=\"article\" \/>\n<meta property=\"og:title\" content=\"Para representantes - iBoltt\" \/>\n<meta property=\"og:description\" content=\"Quer ser dono do iBoltt na sua cidade? Preencha o formul\u00e1rio com suas informa\u00e7\u00f5es pessoais e profissionais e entraremos em contato com voc\u00ea.\" \/>\n<meta property=\"og:url\" content=\"https:\/\/iboltt.com.br\/site\/para-representantes\/\" \/>\n<meta property=\"og:site_name\" content=\"iBoltt\" \/>\n<meta property=\"article:modified_time\" content=\"2021-07-09T14:15:34+00:00\" \/>\n<meta name=\"twitter:card\" content=\"summary_large_image\" \/>\n<script type=\"application\/ld+json\" class=\"yoast-schema-graph\">{\"@context\":\"https:\/\/schema.org\",\"@graph\":[{\"@type\":\"WebSite\",\"@id\":\"https:\/\/iboltt.com.br\/site\/#website\",\"url\":\"https:\/\/iboltt.com.br\/site\/\",\"name\":\"iBoltt\",\"description\":\"Solu\\u00e7\\u00e3o completa em transporte e log\\u00edstica\",\"potentialAction\":[{\"@type\":\"SearchAction\",\"target\":{\"@type\":\"EntryPoint\",\"urlTemplate\":\"https:\/\/iboltt.com.br\/site\/?s={search_term_string}\"},\"query-input\":\"required name=search_term_string\"}],\"inLanguage\":\"en-US\"},{\"@type\":\"WebPage\",\"@id\":\"https:\/\/iboltt.com.br\/site\/para-representantes\/#webpage\",\"url\":\"https:\/\/iboltt.com.br\/site\/para-representantes\/\",\"name\":\"Para representantes - iBoltt\",\"isPartOf\":{\"@id\":\"https:\/\/iboltt.com.br\/site\/#website\"},\"datePublished\":\"2021-06-03T20:19:29+00:00\",\"dateModified\":\"2021-07-09T14:15:34+00:00\",\"description\":\"Quer ser dono do iBoltt na sua cidade? Preencha o formul\\u00e1rio com suas informa\\u00e7\\u00f5es pessoais e profissionais e entraremos em contato com voc\\u00ea.\",\"breadcrumb\":{\"@id\":\"https:\/\/iboltt.com.br\/site\/para-representantes\/#breadcrumb\"},\"inLanguage\":\"en-US\",\"potentialAction\":[{\"@type\":\"ReadAction\",\"target\":[\"https:\/\/iboltt.com.br\/site\/para-representantes\/\"]}]},{\"@type\":\"BreadcrumbList\",\"@id\":\"https:\/\/iboltt.com.br\/site\/para-representantes\/#breadcrumb\",\"itemListElement\":[{\"@type\":\"ListItem\",\"position\":1,\"name\":\"Home\",\"item\":\"https:\/\/iboltt.com.br\/site\/\"},{\"@type\":\"ListItem\",\"position\":2,\"name\":\"Para representantes\"}]}]}<\/script>\n<!-- \/ Yoast SEO plugin. -->","yoast_head_json":{"title":"Para representantes - iBoltt","description":"Quer ser dono do iBoltt na sua cidade? Preencha o formul\u00e1rio com suas informa\u00e7\u00f5es pessoais e profissionais e entraremos em contato com voc\u00ea.","robots":{"index":"index","follow":"follow","max-snippet":"max-snippet:-1","max-image-preview":"max-image-preview:large","max-video-preview":"max-video-preview:-1"},"canonical":"https:\/\/iboltt.com.br\/site\/para-representantes\/","og_locale":"en_US","og_type":"article","og_title":"Para representantes - iBoltt","og_description":"Quer ser dono do iBoltt na sua cidade? Preencha o formul\u00e1rio com suas informa\u00e7\u00f5es pessoais e profissionais e entraremos em contato com voc\u00ea.","og_url":"https:\/\/iboltt.com.br\/site\/para-representantes\/","og_site_name":"iBoltt","article_modified_time":"2021-07-09T14:15:34+00:00","twitter_card":"summary_large_image","schema":{"@context":"https:\/\/schema.org","@graph":[{"@type":"WebSite","@id":"https:\/\/iboltt.com.br\/site\/#website","url":"https:\/\/iboltt.com.br\/site\/","name":"iBoltt","description":"Solu\u00e7\u00e3o completa em transporte e log\u00edstica","potentialAction":[{"@type":"SearchAction","target":{"@type":"EntryPoint","urlTemplate":"https:\/\/iboltt.com.br\/site\/?s={search_term_string}"},"query-input":"required name=search_term_string"}],"inLanguage":"en-US"},{"@type":"WebPage","@id":"https:\/\/iboltt.com.br\/site\/para-representantes\/#webpage","url":"https:\/\/iboltt.com.br\/site\/para-representantes\/","name":"Para representantes - iBoltt","isPartOf":{"@id":"https:\/\/iboltt.com.br\/site\/#website"},"datePublished":"2021-06-03T20:19:29+00:00","dateModified":"2021-07-09T14:15:34+00:00","description":"Quer ser dono do iBoltt na sua cidade? Preencha o formul\u00e1rio com suas informa\u00e7\u00f5es pessoais e profissionais e entraremos em contato com voc\u00ea.","breadcrumb":{"@id":"https:\/\/iboltt.com.br\/site\/para-representantes\/#breadcrumb"},"inLanguage":"en-US","potentialAction":[{"@type":"ReadAction","target":["https:\/\/iboltt.com.br\/site\/para-representantes\/"]}]},{"@type":"BreadcrumbList","@id":"https:\/\/iboltt.com.br\/site\/para-representantes\/#breadcrumb","itemListElement":[{"@type":"ListItem","position":1,"name":"Home","item":"https:\/\/iboltt.com.br\/site\/"},{"@type":"ListItem","position":2,"name":"Para representantes"}]}]}},"_links":{"self":[{"href":"https:\/\/iboltt.com.br\/site\/wp-json\/wp\/v2\/pages\/13965"}],"collection":[{"href":"https:\/\/iboltt.com.br\/site\/wp-json\/wp\/v2\/pages"}],"about":[{"href":"https:\/\/iboltt.com.br\/site\/wp-json\/wp\/v2\/types\/page"}],"author":[{"embeddable":true,"href":"https:\/\/iboltt.com.br\/site\/wp-json\/wp\/v2\/users\/1"}],"replies":[{"embeddable":true,"href":"https:\/\/iboltt.com.br\/site\/wp-json\/wp\/v2\/comments?post=13965"}],"version-history":[{"count":8,"href":"https:\/\/iboltt.com.br\/site\/wp-json\/wp\/v2\/pages\/13965\/revisions"}],"predecessor-version":[{"id":14007,"href":"https:\/\/iboltt.com.br\/site\/wp-json\/wp\/v2\/pages\/13965\/revisions\/14007"}],"wp:attachment":[{"href":"https:\/\/iboltt.com.br\/site\/wp-json\/wp\/v2\/media?parent=13965"}],"wp:term":[{"taxonomy":"cidade","embeddable":true,"href":"https:\/\/iboltt.com.br\/site\/wp-json\/wp\/v2\/cidade?post=13965"}],"curies":[{"name":"wp","href":"https:\/\/api.w.org\/{rel}","templated":true}]}}