{"id":13966,"date":"2021-05-28T16:19:39","date_gmt":"2021-05-28T19:19:39","guid":{"rendered":"https:\/\/iboltt.com.br\/site\/?page_id=13966"},"modified":"2022-03-01T21:17:52","modified_gmt":"2022-03-02T00:17:52","slug":"contato","status":"publish","type":"page","link":"https:\/\/iboltt.com.br\/site\/contato\/","title":{"rendered":"Contato"},"content":{"rendered":"[vc_section full_width=&#8221;stretch_row&#8221; pix_over_visibility=&#8221;&#8221; b_custom_height=&#8221;500px&#8221; css=&#8221;.vc_custom_1622219249341{padding-top: 60px !important;padding-bottom: 40px !important;}&#8221;][vc_row pix_particles_check=&#8221;&#8221;][vc_column width=&#8221;1\/2&#8243;][vc_column_text]\r\n<h5><strong>MANTENHA-SE CONECTADO COM O IBOLTT<\/strong><\/h5>\r\n[\/vc_column_text][vc_column_text]Envie sua solicita\u00e7\u00e3o atrav\u00e9s do nosso formul\u00e1rio, nossa equipe estar\u00e1 pronta para esclarecer suas d\u00favidas.[\/vc_column_text]<div class=\"slide-in-container w-100  \" ><div class=\"py-2 \"  ><div class=\"pix-feature-list  justify-content-start      py-2 d-flex align-items-center\" ><i class=\"pixicon-map-pin-1-circle mr-2 text-primary\" ><\/i><span class=\"text-primary\">Rua Alf\u00e2ndega, 35, Recife Antigo, Recife\/PE, CEP 50030-030<\/span><\/div><div class=\"pix-feature-list  justify-content-start      py-2 d-flex align-items-center\" ><i class=\"pixicon-email-1 mr-2 text-primary\" ><\/i><span class=\"text-primary\">contato@iboltt.com.br<\/span><\/div><div class=\"pix-feature-list  justify-content-start      py-2 d-flex align-items-center\" ><i class=\"pixicon-whatsapp2 mr-2 text-primary\" ><\/i><span class=\"text-primary\">(81)98166-1414<\/span><\/div><div class=\"pix-feature-list  justify-content-start      py-2 d-flex align-items-center\" ><i class=\"pixicon-whatsapp2 mr-2 text-primary\" ><\/i><span class=\"text-primary\">(11) 97138-2809<\/span><\/div><\/div><\/div>[\/vc_column][vc_column width=&#8221;1\/2&#8243;]<div role=\"form\" class=\"wpcf7\" id=\"wpcf7-f13960-o1\" lang=\"en-US\" dir=\"ltr\">\n<div class=\"screen-reader-response\"><p role=\"status\" aria-live=\"polite\" aria-atomic=\"true\"><\/p> <ul><\/ul><\/div>\n<form action=\"\/site\/wp-json\/wp\/v2\/pages\/13966#wpcf7-f13960-o1\" method=\"post\" class=\"wpcf7-form init\" novalidate=\"novalidate\" data-status=\"init\">\n<div style=\"display: none;\">\n<input type=\"hidden\" name=\"_wpcf7\" value=\"13960\" \/>\n<input type=\"hidden\" name=\"_wpcf7_version\" value=\"5.4.2\" \/>\n<input type=\"hidden\" name=\"_wpcf7_locale\" value=\"en_US\" \/>\n<input type=\"hidden\" name=\"_wpcf7_unit_tag\" value=\"wpcf7-f13960-o1\" \/>\n<input type=\"hidden\" name=\"_wpcf7_container_post\" value=\"0\" \/>\n<input type=\"hidden\" name=\"_wpcf7_posted_data_hash\" value=\"\" \/>\n<input type=\"hidden\" name=\"_wpcf7cf_hidden_group_fields\" value=\"\" \/>\n<input type=\"hidden\" name=\"_wpcf7cf_hidden_groups\" value=\"\" \/>\n<input type=\"hidden\" name=\"_wpcf7cf_visible_groups\" value=\"\" \/>\n<input type=\"hidden\" name=\"_wpcf7cf_repeaters\" value=\"[]\" \/>\n<input type=\"hidden\" name=\"_wpcf7cf_steps\" value=\"{}\" \/>\n<input type=\"hidden\" name=\"_wpcf7cf_options\" value=\"{&quot;form_id&quot;:13960,&quot;conditions&quot;:[],&quot;settings&quot;:{&quot;animation&quot;:&quot;yes&quot;,&quot;animation_intime&quot;:200,&quot;animation_outtime&quot;:200,&quot;conditions_ui&quot;:&quot;normal&quot;,&quot;notice_dismissed&quot;:false,&quot;notice_dismissed_rollback-cf7-5.4.1&quot;:true}}\" \/>\n<\/div>\n<div class=\"pix-contact7-form\"><div class=\"row\">\n<div class=\"col-lg-6\"><label class=\"w-100\">Nome*<br \/>\n<span class=\"wpcf7-form-control-wrap nome\"><input type=\"text\" name=\"nome\" value=\"\" size=\"40\" class=\"wpcf7-form-control wpcf7-text wpcf7-validates-as-required pix-my-5 shadow-0 bg-gray-2 form-control\" aria-required=\"true\" aria-invalid=\"false\" placeholder=\"Insira seu nome\" \/><\/span><\/label><\/div>\n<div class=\"col-lg-6\"><label class=\"w-100\">Email*<br \/>\n<span class=\"wpcf7-form-control-wrap email\"><input type=\"email\" name=\"email\" value=\"\" size=\"40\" class=\"wpcf7-form-control wpcf7-text wpcf7-email wpcf7-validates-as-required wpcf7-validates-as-email pix-my-5 shadow-0 bg-gray-2 form-control\" aria-required=\"true\" aria-invalid=\"false\" placeholder=\"Insira seu email\" \/><\/span><\/label><\/div>\n<div class=\"col-lg-6\"><label class=\"w-100\">Telefone*<br \/>\n<span class=\"wpcf7-form-control-wrap sobrenome\"><input type=\"tel\" name=\"sobrenome\" value=\"\" size=\"40\" class=\"wpcf7-form-control wpcf7-text wpcf7-tel wpcf7-validates-as-required wpcf7-validates-as-tel pix-my-5 shadow-0 bg-gray-2 form-control\" aria-required=\"true\" aria-invalid=\"false\" placeholder=\"(12) 3456-7890\" \/><\/span><\/label><\/div>\n<div class=\"col-lg-6\"><label class=\"w-100\">Assunto*<br \/>\n<span class=\"wpcf7-form-control-wrap assunto\"><select name=\"assunto\" class=\"wpcf7-form-control wpcf7-select wpcf7-validates-as-required pix-my-5 shadow-0 bg-gray-2 form-control\" aria-required=\"true\" aria-invalid=\"false\"><option value=\"\">Selecione o assunto<\/option><option value=\"D\u00favidas\">D\u00favidas<\/option><option value=\"Sugest\u00e3o\">Sugest\u00e3o<\/option><option value=\"Reclama\u00e7\u00e3o\">Reclama\u00e7\u00e3o<\/option><\/select><\/span><\/label><\/div>\n<div class=\"col-12\"><label class=\"w-100\"><span class=\"wpcf7-form-control-wrap mensagem\"><textarea name=\"mensagem\" cols=\"40\" rows=\"4\" class=\"wpcf7-form-control wpcf7-textarea wpcf7-validates-as-required pix-my-5 shadow-0 bg-gray-2 form-control\" aria-required=\"true\" aria-invalid=\"false\" placeholder=\"Mensagem\"><\/textarea><\/span><\/label><\/div>\n<\/div>\n<p><input type=\"submit\" value=\"Enviar\" class=\"wpcf7-form-control wpcf7-submit btn btn-black text-white w-100 pix-mt-10 font-weight-bold btn-lg shadow-hover\" \/><\/p>\n<\/div><div class=\"wpcf7-response-output\" aria-hidden=\"true\"><\/div><\/form><\/div>[\/vc_column][\/vc_row][\/vc_section]","protected":false},"excerpt":{"rendered":"[vc_section full_width=&#8221;stretch_row&#8221; pix_over_visibility=&#8221;&#8221; b_custom_height=&#8221;500px&#8221; css=&#8221;.vc_custom_1622219249341{padding-top: 60px !important;padding-bottom: 40px !important;}&#8221;][vc_row pix_particles_check=&#8221;&#8221;][vc_column width=&#8221;1\/2&#8243;][vc_column_text] MANTENHA-SE CONECTADO COM O IBOLTT [\/vc_column_text][vc_column_text]Envie sua solicita\u00e7\u00e3o atrav\u00e9s do nosso formul\u00e1rio, nossa equipe estar\u00e1 pronta para esclarecer suas d\u00favidas.[\/vc_column_text][\/vc_column][vc_column width=&#8221;1\/2&#8243;][\/vc_column][\/vc_row][\/vc_section]","protected":false},"author":1,"featured_media":0,"parent":0,"menu_order":0,"comment_status":"closed","ping_status":"closed","template":"","meta":[],"cidade":[],"yoast_head":"<!-- This site is optimized with the Yoast SEO plugin v16.7 - https:\/\/yoast.com\/wordpress\/plugins\/seo\/ -->\n<title>Contato - iBoltt<\/title>\n<meta name=\"description\" content=\"Mantenha-se conectado conosco. Envie sua solicita\u00e7\u00e3o atrav\u00e9s do nosso formul\u00e1rio, nossa equipe estar\u00e1 pronta para esclarecer suas d\u00favidas.\" \/>\n<meta name=\"robots\" content=\"index, follow, max-snippet:-1, max-image-preview:large, max-video-preview:-1\" \/>\n<link rel=\"canonical\" href=\"https:\/\/iboltt.com.br\/site\/contato\/\" \/>\n<meta property=\"og:locale\" content=\"en_US\" \/>\n<meta property=\"og:type\" content=\"article\" \/>\n<meta property=\"og:title\" content=\"Contato - iBoltt\" \/>\n<meta property=\"og:description\" content=\"Mantenha-se conectado conosco. Envie sua solicita\u00e7\u00e3o atrav\u00e9s do nosso formul\u00e1rio, nossa equipe estar\u00e1 pronta para esclarecer suas d\u00favidas.\" \/>\n<meta property=\"og:url\" content=\"https:\/\/iboltt.com.br\/site\/contato\/\" \/>\n<meta property=\"og:site_name\" content=\"iBoltt\" \/>\n<meta property=\"article:modified_time\" content=\"2022-03-02T00:17:52+00:00\" \/>\n<meta name=\"twitter:card\" content=\"summary_large_image\" \/>\n<meta name=\"twitter:label1\" content=\"Est. reading time\" \/>\n\t<meta name=\"twitter:data1\" content=\"1 minute\" \/>\n<script type=\"application\/ld+json\" class=\"yoast-schema-graph\">{\"@context\":\"https:\/\/schema.org\",\"@graph\":[{\"@type\":\"WebSite\",\"@id\":\"https:\/\/iboltt.com.br\/site\/#website\",\"url\":\"https:\/\/iboltt.com.br\/site\/\",\"name\":\"iBoltt\",\"description\":\"Solu\\u00e7\\u00e3o completa em transporte e log\\u00edstica\",\"potentialAction\":[{\"@type\":\"SearchAction\",\"target\":{\"@type\":\"EntryPoint\",\"urlTemplate\":\"https:\/\/iboltt.com.br\/site\/?s={search_term_string}\"},\"query-input\":\"required name=search_term_string\"}],\"inLanguage\":\"en-US\"},{\"@type\":\"WebPage\",\"@id\":\"https:\/\/iboltt.com.br\/site\/contato\/#webpage\",\"url\":\"https:\/\/iboltt.com.br\/site\/contato\/\",\"name\":\"Contato - iBoltt\",\"isPartOf\":{\"@id\":\"https:\/\/iboltt.com.br\/site\/#website\"},\"datePublished\":\"2021-05-28T19:19:39+00:00\",\"dateModified\":\"2022-03-02T00:17:52+00:00\",\"description\":\"Mantenha-se conectado conosco. Envie sua solicita\\u00e7\\u00e3o atrav\\u00e9s do nosso formul\\u00e1rio, nossa equipe estar\\u00e1 pronta para esclarecer suas d\\u00favidas.\",\"breadcrumb\":{\"@id\":\"https:\/\/iboltt.com.br\/site\/contato\/#breadcrumb\"},\"inLanguage\":\"en-US\",\"potentialAction\":[{\"@type\":\"ReadAction\",\"target\":[\"https:\/\/iboltt.com.br\/site\/contato\/\"]}]},{\"@type\":\"BreadcrumbList\",\"@id\":\"https:\/\/iboltt.com.br\/site\/contato\/#breadcrumb\",\"itemListElement\":[{\"@type\":\"ListItem\",\"position\":1,\"name\":\"Home\",\"item\":\"https:\/\/iboltt.com.br\/site\/\"},{\"@type\":\"ListItem\",\"position\":2,\"name\":\"Contato\"}]}]}<\/script>\n<!-- \/ Yoast SEO plugin. -->","yoast_head_json":{"title":"Contato - iBoltt","description":"Mantenha-se conectado conosco. Envie sua solicita\u00e7\u00e3o atrav\u00e9s do nosso formul\u00e1rio, nossa equipe estar\u00e1 pronta para esclarecer suas d\u00favidas.","robots":{"index":"index","follow":"follow","max-snippet":"max-snippet:-1","max-image-preview":"max-image-preview:large","max-video-preview":"max-video-preview:-1"},"canonical":"https:\/\/iboltt.com.br\/site\/contato\/","og_locale":"en_US","og_type":"article","og_title":"Contato - iBoltt","og_description":"Mantenha-se conectado conosco. Envie sua solicita\u00e7\u00e3o atrav\u00e9s do nosso formul\u00e1rio, nossa equipe estar\u00e1 pronta para esclarecer suas d\u00favidas.","og_url":"https:\/\/iboltt.com.br\/site\/contato\/","og_site_name":"iBoltt","article_modified_time":"2022-03-02T00:17:52+00:00","twitter_card":"summary_large_image","twitter_misc":{"Est. reading time":"1 minute"},"schema":{"@context":"https:\/\/schema.org","@graph":[{"@type":"WebSite","@id":"https:\/\/iboltt.com.br\/site\/#website","url":"https:\/\/iboltt.com.br\/site\/","name":"iBoltt","description":"Solu\u00e7\u00e3o completa em transporte e log\u00edstica","potentialAction":[{"@type":"SearchAction","target":{"@type":"EntryPoint","urlTemplate":"https:\/\/iboltt.com.br\/site\/?s={search_term_string}"},"query-input":"required name=search_term_string"}],"inLanguage":"en-US"},{"@type":"WebPage","@id":"https:\/\/iboltt.com.br\/site\/contato\/#webpage","url":"https:\/\/iboltt.com.br\/site\/contato\/","name":"Contato - iBoltt","isPartOf":{"@id":"https:\/\/iboltt.com.br\/site\/#website"},"datePublished":"2021-05-28T19:19:39+00:00","dateModified":"2022-03-02T00:17:52+00:00","description":"Mantenha-se conectado conosco. Envie sua solicita\u00e7\u00e3o atrav\u00e9s do nosso formul\u00e1rio, nossa equipe estar\u00e1 pronta para esclarecer suas d\u00favidas.","breadcrumb":{"@id":"https:\/\/iboltt.com.br\/site\/contato\/#breadcrumb"},"inLanguage":"en-US","potentialAction":[{"@type":"ReadAction","target":["https:\/\/iboltt.com.br\/site\/contato\/"]}]},{"@type":"BreadcrumbList","@id":"https:\/\/iboltt.com.br\/site\/contato\/#breadcrumb","itemListElement":[{"@type":"ListItem","position":1,"name":"Home","item":"https:\/\/iboltt.com.br\/site\/"},{"@type":"ListItem","position":2,"name":"Contato"}]}]}},"_links":{"self":[{"href":"https:\/\/iboltt.com.br\/site\/wp-json\/wp\/v2\/pages\/13966"}],"collection":[{"href":"https:\/\/iboltt.com.br\/site\/wp-json\/wp\/v2\/pages"}],"about":[{"href":"https:\/\/iboltt.com.br\/site\/wp-json\/wp\/v2\/types\/page"}],"author":[{"embeddable":true,"href":"https:\/\/iboltt.com.br\/site\/wp-json\/wp\/v2\/users\/1"}],"replies":[{"embeddable":true,"href":"https:\/\/iboltt.com.br\/site\/wp-json\/wp\/v2\/comments?post=13966"}],"version-history":[{"count":12,"href":"https:\/\/iboltt.com.br\/site\/wp-json\/wp\/v2\/pages\/13966\/revisions"}],"predecessor-version":[{"id":14336,"href":"https:\/\/iboltt.com.br\/site\/wp-json\/wp\/v2\/pages\/13966\/revisions\/14336"}],"wp:attachment":[{"href":"https:\/\/iboltt.com.br\/site\/wp-json\/wp\/v2\/media?parent=13966"}],"wp:term":[{"taxonomy":"cidade","embeddable":true,"href":"https:\/\/iboltt.com.br\/site\/wp-json\/wp\/v2\/cidade?post=13966"}],"curies":[{"name":"wp","href":"https:\/\/api.w.org\/{rel}","templated":true}]}}