{"id":14067,"date":"2021-06-28T18:24:54","date_gmt":"2021-06-28T21:24:54","guid":{"rendered":"https:\/\/iboltt.com.br\/site\/?page_id=14067"},"modified":"2021-10-19T12:13:30","modified_gmt":"2021-10-19T15:13:30","slug":"clube-de-beneficios","status":"publish","type":"page","link":"https:\/\/iboltt.com.br\/site\/clube-de-beneficios\/","title":{"rendered":"Clube de Benef\u00edcios"},"content":{"rendered":"[vc_section full_width=&#8221;stretch_row&#8221; pix_over_visibility=&#8221;&#8221; b_custom_height=&#8221;500px&#8221; css=&#8221;.vc_custom_1624980570371{padding-top: 60px !important;padding-bottom: 100px !important;}&#8221;][vc_row pix_particles_check=&#8221;&#8221;][vc_column]<div  class=\"text-left \"><div><div class=\"slide-in-container\"><h4 class=\"text-body-default font-weight-bold mb-1\" style=\"\" data-anim-type=\"\" data-anim-delay=\"0\">Com o Clube de Benef\u00edcios iBoltt voc\u00ea aproveita vantagens e descontos exclusivos em nossos parceiros, porque economizar \u00e9 tudo na vida!<\/h4><\/div><\/div><\/div>[vc_empty_space height=&#8221;10px&#8221;]<div class=\"slide-in-container w-100  \" ><div class=\"text-18 text-body-default  \" >Pesquise nossos parceiros pela sua cidade<\/div><\/div>[vc_empty_space][vc_raw_html]JTVCZmFjZXR3cCUyMGZhY2V0JTNEJTIyY2lkYWRlJTIyJTVEJTBBJTBBJTVCZmFjZXR3cCUyMHRlbXBsYXRlJTNEJTIyY2x1YmVfZGVfYmVuZWZjaW9zJTIyJTVE[\/vc_raw_html]<div class=\"slide-in-container w-100  \" ><div class=\" text-body-default  \" >Para ter acesso as promo\u00e7\u00f5es de nossos parceiros \u00e9 s\u00f3 apresentar seu aplicativo logado ou o cart\u00e3o iBoltt Pay.<\/div><\/div>[\/vc_column][\/vc_row][\/vc_section]","protected":false},"excerpt":{"rendered":"[vc_section full_width=&#8221;stretch_row&#8221; pix_over_visibility=&#8221;&#8221; b_custom_height=&#8221;500px&#8221; css=&#8221;.vc_custom_1624980570371{padding-top: 60px !important;padding-bottom: 100px !important;}&#8221;][vc_row pix_particles_check=&#8221;&#8221;][vc_column][vc_empty_space height=&#8221;10px&#8221;][vc_empty_space][vc_raw_html]JTVCZmFjZXR3cCUyMGZhY2V0JTNEJTIyY2lkYWRlJTIyJTVEJTBBJTBBJTVCZmFjZXR3cCUyMHRlbXBsYXRlJTNEJTIyY2x1YmVfZGVfYmVuZWZjaW9zJTIyJTVE[\/vc_raw_html][\/vc_column][\/vc_row][\/vc_section]","protected":false},"author":1,"featured_media":0,"parent":0,"menu_order":0,"comment_status":"closed","ping_status":"closed","template":"","meta":[],"cidade":[],"yoast_head":"<!-- This site is optimized with the Yoast SEO plugin v16.7 - https:\/\/yoast.com\/wordpress\/plugins\/seo\/ -->\n<title>Clube de Benef\u00edcios - iBoltt<\/title>\n<meta name=\"robots\" content=\"index, follow, max-snippet:-1, max-image-preview:large, max-video-preview:-1\" \/>\n<link rel=\"canonical\" href=\"https:\/\/iboltt.com.br\/site\/clube-de-beneficios\/\" \/>\n<meta property=\"og:locale\" content=\"en_US\" \/>\n<meta property=\"og:type\" content=\"article\" \/>\n<meta property=\"og:title\" content=\"Clube de Benef\u00edcios - iBoltt\" \/>\n<meta property=\"og:description\" content=\"[vc_section full_width=&#8221;stretch_row&#8221; pix_over_visibility=&#8221;&#8221; b_custom_height=&#8221;500px&#8221; css=&#8221;.vc_custom_1624980570371{padding-top: 60px !important;padding-bottom: 100px !important;}&#8221;][vc_row pix_particles_check=&#8221;&#8221;][vc_column][vc_empty_space height=&#8221;10px&#8221;][vc_empty_space][vc_raw_html]JTVCZmFjZXR3cCUyMGZhY2V0JTNEJTIyY2lkYWRlJTIyJTVEJTBBJTBBJTVCZmFjZXR3cCUyMHRlbXBsYXRlJTNEJTIyY2x1YmVfZGVfYmVuZWZjaW9zJTIyJTVE[\/vc_raw_html][\/vc_column][\/vc_row][\/vc_section]\" \/>\n<meta property=\"og:url\" content=\"https:\/\/iboltt.com.br\/site\/clube-de-beneficios\/\" \/>\n<meta property=\"og:site_name\" content=\"iBoltt\" \/>\n<meta property=\"article:modified_time\" content=\"2021-10-19T15:13:30+00:00\" \/>\n<meta name=\"twitter:card\" content=\"summary_large_image\" \/>\n<meta name=\"twitter:label1\" content=\"Est. reading time\" \/>\n\t<meta name=\"twitter:data1\" content=\"1 minute\" \/>\n<script type=\"application\/ld+json\" class=\"yoast-schema-graph\">{\"@context\":\"https:\/\/schema.org\",\"@graph\":[{\"@type\":\"WebSite\",\"@id\":\"https:\/\/iboltt.com.br\/site\/#website\",\"url\":\"https:\/\/iboltt.com.br\/site\/\",\"name\":\"iBoltt\",\"description\":\"Solu\\u00e7\\u00e3o completa em transporte e log\\u00edstica\",\"potentialAction\":[{\"@type\":\"SearchAction\",\"target\":{\"@type\":\"EntryPoint\",\"urlTemplate\":\"https:\/\/iboltt.com.br\/site\/?s={search_term_string}\"},\"query-input\":\"required name=search_term_string\"}],\"inLanguage\":\"en-US\"},{\"@type\":\"WebPage\",\"@id\":\"https:\/\/iboltt.com.br\/site\/clube-de-beneficios\/#webpage\",\"url\":\"https:\/\/iboltt.com.br\/site\/clube-de-beneficios\/\",\"name\":\"Clube de Benef\\u00edcios - iBoltt\",\"isPartOf\":{\"@id\":\"https:\/\/iboltt.com.br\/site\/#website\"},\"datePublished\":\"2021-06-28T21:24:54+00:00\",\"dateModified\":\"2021-10-19T15:13:30+00:00\",\"breadcrumb\":{\"@id\":\"https:\/\/iboltt.com.br\/site\/clube-de-beneficios\/#breadcrumb\"},\"inLanguage\":\"en-US\",\"potentialAction\":[{\"@type\":\"ReadAction\",\"target\":[\"https:\/\/iboltt.com.br\/site\/clube-de-beneficios\/\"]}]},{\"@type\":\"BreadcrumbList\",\"@id\":\"https:\/\/iboltt.com.br\/site\/clube-de-beneficios\/#breadcrumb\",\"itemListElement\":[{\"@type\":\"ListItem\",\"position\":1,\"name\":\"Home\",\"item\":\"https:\/\/iboltt.com.br\/site\/\"},{\"@type\":\"ListItem\",\"position\":2,\"name\":\"Clube de Benef\\u00edcios\"}]}]}<\/script>\n<!-- \/ Yoast SEO plugin. -->","yoast_head_json":{"title":"Clube de Benef\u00edcios - iBoltt","robots":{"index":"index","follow":"follow","max-snippet":"max-snippet:-1","max-image-preview":"max-image-preview:large","max-video-preview":"max-video-preview:-1"},"canonical":"https:\/\/iboltt.com.br\/site\/clube-de-beneficios\/","og_locale":"en_US","og_type":"article","og_title":"Clube de Benef\u00edcios - iBoltt","og_description":"[vc_section full_width=&#8221;stretch_row&#8221; pix_over_visibility=&#8221;&#8221; b_custom_height=&#8221;500px&#8221; css=&#8221;.vc_custom_1624980570371{padding-top: 60px !important;padding-bottom: 100px !important;}&#8221;][vc_row pix_particles_check=&#8221;&#8221;][vc_column][vc_empty_space height=&#8221;10px&#8221;][vc_empty_space][vc_raw_html]JTVCZmFjZXR3cCUyMGZhY2V0JTNEJTIyY2lkYWRlJTIyJTVEJTBBJTBBJTVCZmFjZXR3cCUyMHRlbXBsYXRlJTNEJTIyY2x1YmVfZGVfYmVuZWZjaW9zJTIyJTVE[\/vc_raw_html][\/vc_column][\/vc_row][\/vc_section]","og_url":"https:\/\/iboltt.com.br\/site\/clube-de-beneficios\/","og_site_name":"iBoltt","article_modified_time":"2021-10-19T15:13:30+00:00","twitter_card":"summary_large_image","twitter_misc":{"Est. reading time":"1 minute"},"schema":{"@context":"https:\/\/schema.org","@graph":[{"@type":"WebSite","@id":"https:\/\/iboltt.com.br\/site\/#website","url":"https:\/\/iboltt.com.br\/site\/","name":"iBoltt","description":"Solu\u00e7\u00e3o completa em transporte e log\u00edstica","potentialAction":[{"@type":"SearchAction","target":{"@type":"EntryPoint","urlTemplate":"https:\/\/iboltt.com.br\/site\/?s={search_term_string}"},"query-input":"required name=search_term_string"}],"inLanguage":"en-US"},{"@type":"WebPage","@id":"https:\/\/iboltt.com.br\/site\/clube-de-beneficios\/#webpage","url":"https:\/\/iboltt.com.br\/site\/clube-de-beneficios\/","name":"Clube de Benef\u00edcios - iBoltt","isPartOf":{"@id":"https:\/\/iboltt.com.br\/site\/#website"},"datePublished":"2021-06-28T21:24:54+00:00","dateModified":"2021-10-19T15:13:30+00:00","breadcrumb":{"@id":"https:\/\/iboltt.com.br\/site\/clube-de-beneficios\/#breadcrumb"},"inLanguage":"en-US","potentialAction":[{"@type":"ReadAction","target":["https:\/\/iboltt.com.br\/site\/clube-de-beneficios\/"]}]},{"@type":"BreadcrumbList","@id":"https:\/\/iboltt.com.br\/site\/clube-de-beneficios\/#breadcrumb","itemListElement":[{"@type":"ListItem","position":1,"name":"Home","item":"https:\/\/iboltt.com.br\/site\/"},{"@type":"ListItem","position":2,"name":"Clube de Benef\u00edcios"}]}]}},"_links":{"self":[{"href":"https:\/\/iboltt.com.br\/site\/wp-json\/wp\/v2\/pages\/14067"}],"collection":[{"href":"https:\/\/iboltt.com.br\/site\/wp-json\/wp\/v2\/pages"}],"about":[{"href":"https:\/\/iboltt.com.br\/site\/wp-json\/wp\/v2\/types\/page"}],"author":[{"embeddable":true,"href":"https:\/\/iboltt.com.br\/site\/wp-json\/wp\/v2\/users\/1"}],"replies":[{"embeddable":true,"href":"https:\/\/iboltt.com.br\/site\/wp-json\/wp\/v2\/comments?post=14067"}],"version-history":[{"count":8,"href":"https:\/\/iboltt.com.br\/site\/wp-json\/wp\/v2\/pages\/14067\/revisions"}],"predecessor-version":[{"id":14302,"href":"https:\/\/iboltt.com.br\/site\/wp-json\/wp\/v2\/pages\/14067\/revisions\/14302"}],"wp:attachment":[{"href":"https:\/\/iboltt.com.br\/site\/wp-json\/wp\/v2\/media?parent=14067"}],"wp:term":[{"taxonomy":"cidade","embeddable":true,"href":"https:\/\/iboltt.com.br\/site\/wp-json\/wp\/v2\/cidade?post=14067"}],"curies":[{"name":"wp","href":"https:\/\/api.w.org\/{rel}","templated":true}]}}