{"id":14286,"date":"2021-07-07T13:11:18","date_gmt":"2021-07-07T16:11:18","guid":{"rendered":"https:\/\/iboltt.com.br\/site\/?page_id=14286"},"modified":"2021-07-09T11:17:46","modified_gmt":"2021-07-09T14:17:46","slug":"quem-somos","status":"publish","type":"page","link":"https:\/\/iboltt.com.br\/site\/quem-somos\/","title":{"rendered":"Quem somos"},"content":{"rendered":"[vc_section full_width=&#8221;stretch_row&#8221; pix_over_visibility=&#8221;&#8221; b_custom_height=&#8221;500px&#8221;][vc_row pix_particles_check=&#8221;&#8221; css=&#8221;.vc_custom_1625674728833{padding-bottom: 80px !important;}&#8221;][vc_column]<div class=\"mb-3 text-left  vc_custom_1625674487718\"><h2 class=\"mb-32 pix-sliding-headline font-weight-bold secondary-font\" data-class=\"text-black\" data-style=\"\">iBoltt \u2013 F\u00e1cil e R\u00e1pido<\/h2><\/div><div class=\"slide-in-container w-100  \" ><p class=\"text-20  text-body-default  \" ><span class=\"animate-in d-inline-block\" data-anim-delay=\"200\" data-anim-type=\"fade-in-up\">Somos uma startup especializada na intermedia\u00e7\u00e3o das solicita\u00e7\u00f5es de transporte de passageiros, entregas r\u00e1pidas e banco digital. Oferecemos solu\u00e7\u00f5es que aproximam os clientes aos prestadores de servi\u00e7os, de forma pr\u00e1tica, r\u00e1pida e segura atrav\u00e9s do website ou aplicativo.<\/span><\/p><\/div>[vc_empty_space][vc_separator color=&#8221;custom&#8221; accent_color=&#8221;#dddddd&#8221;][vc_empty_space][vc_row_inner][vc_column_inner width=&#8221;1\/2&#8243;][vc_column_text]Atuamos no mercado desde 2017 com uma equipe formada por especialistas com larga experi\u00eancia em tecnologia, transporte, log\u00edstica e solu\u00e7\u00f5es financeiras.\r\n\r\nCom o iBoltt voc\u00ea conta com uma grande quantidade de prestadores cadastrados e treinados \u00e0 disposi\u00e7\u00e3o. Atuamos em diversos modais como motoboy, bikeboy, utilit\u00e1rio, t\u00e1xi, mototaxi, particular entre outros. Atrav\u00e9s de nossos prestadores nas modalidades nuvem ou dedicados. \u00c9 atendimento garantido o tempo todo, voc\u00ea n\u00e3o precisa se preocupar com falta de atendimento em dias de chuva ou em certos hor\u00e1rios. Temos ainda o servi\u00e7o de SAAs iBoltt, onde podemos gerenciar sua frota.\r\n\r\nSolu\u00e7\u00e3o completa, f\u00e1cil de usar, integrada, escal\u00e1vel e robusta em nuvem para que voc\u00ea tenha toda a gest\u00e3o e acompanhamento em tempo real das entregas e transporte. \u00c9 redu\u00e7\u00e3o de custos e satisfa\u00e7\u00e3o para seus clientes.[\/vc_column_text]<a href=\"https:\/\/iboltt.com.br\/site\/para-representantes\/\" class=\"btn mb-2    text-white btn-primary d-inline-block    secondary-font  animate-in btn-lg\"   data-anim-type=\"fade-in-up\" data-anim-delay=\"400\" ><span class=\"font-weight-bold \" >Seja um representante na sua cidade<\/span><\/a>[\/vc_column_inner][vc_column_inner width=&#8221;1\/2&#8243;]<div class=\"d-inline-block \" ><div class=\" shadow text-center d-inline-block  w-100 rounded-xl\"  ><img class=\"card-img2 pix-img-elem rounded-xl  h-1002\" style=\"height:auto;\" srcset=\"https:\/\/iboltt.com.br\/site\/wp-content\/uploads\/2021\/07\/iboltt-ricardo-machi.jpg 1080w, https:\/\/iboltt.com.br\/site\/wp-content\/uploads\/2021\/07\/iboltt-ricardo-machi-300x300.jpg 300w, https:\/\/iboltt.com.br\/site\/wp-content\/uploads\/2021\/07\/iboltt-ricardo-machi-1024x1024.jpg 1024w, https:\/\/iboltt.com.br\/site\/wp-content\/uploads\/2021\/07\/iboltt-ricardo-machi-150x150.jpg 150w, https:\/\/iboltt.com.br\/site\/wp-content\/uploads\/2021\/07\/iboltt-ricardo-machi-768x768.jpg 768w, https:\/\/iboltt.com.br\/site\/wp-content\/uploads\/2021\/07\/iboltt-ricardo-machi-400x400.jpg 400w, https:\/\/iboltt.com.br\/site\/wp-content\/uploads\/2021\/07\/iboltt-ricardo-machi-75x75.jpg 75w, https:\/\/iboltt.com.br\/site\/wp-content\/uploads\/2021\/07\/iboltt-ricardo-machi-460x460.jpg 460w\" sizes=\"(max-width: 1080px) 100vw, 1080px\" src=\"https:\/\/iboltt.com.br\/site\/wp-content\/uploads\/2021\/07\/iboltt-ricardo-machi.jpg\" alt=\"\" \/><\/div><\/div>[\/vc_column_inner][\/vc_row_inner][\/vc_column][\/vc_row][vc_row full_width=&#8221;stretch_row&#8221; content_placement=&#8221;middle&#8221; pix_particles_check=&#8221;&#8221; pix_overlay_color=&#8221;black&#8221; css=&#8221;.vc_custom_1625674628538{padding-top: 150px !important;padding-bottom: 150px !important;background-image: url(https:\/\/iboltt.com.br\/site\/wp-content\/uploads\/2020\/11\/background-cta-para-clientes.jpg?id=13653) !important;}&#8221; pix_overlay_opacity=&#8221;0.5&#8243;][vc_column content_align=&#8221;text-center&#8221;]<div  class=\"text-center \"><div><div class=\"slide-in-container\"><h2 class=\"text-white font-weight-bold animate-in mb-1\" style=\"\" data-anim-type=\"slide-in-up\" data-anim-delay=\"0\">Conhe\u00e7a melhor todos os produtos<\/h2><\/div><\/div><\/div>[vc_empty_space height=&#8221;30px&#8221;]<div class=\"slide-in-container w-100   vc_custom_1608408759389\" ><p class=\"text-18  text-body-default  \" ><span class=\"animate-in d-inline-block\" data-anim-delay=\"200\" data-anim-type=\"fade-in-up\">N\u00f3s temos o iBoltt para clientes que querem realizar entregas ou transporte de passageiros de maneira \u00e1gil e segura, economia e ger\u00eancia dos pedidos do seu estabelecimento e para voc\u00ea prestador e quer ser dono do seu pr\u00f3prio neg\u00f3cio.<\/span><\/p><\/div>[vc_empty_space height=&#8221;30px&#8221;]<a href=\"https:\/\/iboltt.com.br\/site\/para-clientes\/\" class=\"btn mb-2    text-white btn-primary d-inline-block    secondary-font  animate-in btn-lg\"   data-anim-type=\"fade-in-up\" data-anim-delay=\"400\" ><span class=\"font-weight-bold \" >Para clientes<\/span><\/a><a href=\"https:\/\/iboltt.com.br\/site\/para-empresas\/\" class=\"btn mb-2    text-white btn-primary d-inline-block    secondary-font  animate-in btn-lg\"   data-anim-type=\"fade-in-up\" data-anim-delay=\"400\" ><span class=\"font-weight-bold \" >Para empresas<\/span><\/a><a href=\"https:\/\/iboltt.com.br\/site\/para-prestadores\/\" class=\"btn mb-2    text-white btn-primary d-inline-block    secondary-font  animate-in btn-lg\"   data-anim-type=\"fade-in-up\" data-anim-delay=\"400\" ><span class=\"font-weight-bold \" >Para prestadores<\/span><\/a>[\/vc_column][\/vc_row][\/vc_section]","protected":false},"excerpt":{"rendered":"[vc_section full_width=&#8221;stretch_row&#8221; pix_over_visibility=&#8221;&#8221; b_custom_height=&#8221;500px&#8221;][vc_row pix_particles_check=&#8221;&#8221; css=&#8221;.vc_custom_1625674728833{padding-bottom: 80px !important;}&#8221;][vc_column][vc_empty_space][vc_separator color=&#8221;custom&#8221; accent_color=&#8221;#dddddd&#8221;][vc_empty_space][vc_row_inner][vc_column_inner width=&#8221;1\/2&#8243;][vc_column_text]Atuamos no mercado desde 2017 com uma equipe formada por especialistas com larga experi\u00eancia em tecnologia, transporte, log\u00edstica e solu\u00e7\u00f5es financeiras. Com o iBoltt voc\u00ea conta com uma grande quantidade&#8230;","protected":false},"author":1,"featured_media":0,"parent":0,"menu_order":0,"comment_status":"closed","ping_status":"closed","template":"","meta":[],"cidade":[],"yoast_head":"<!-- This site is optimized with the Yoast SEO plugin v16.7 - https:\/\/yoast.com\/wordpress\/plugins\/seo\/ -->\n<title>Quem somos - iBoltt<\/title>\n<meta name=\"description\" content=\"Somos uma startup especializada na intermedia\u00e7\u00e3o das solicita\u00e7\u00f5es de transporte de passageiros, entregas r\u00e1pidas e banco digital.\" \/>\n<meta name=\"robots\" content=\"index, follow, max-snippet:-1, max-image-preview:large, max-video-preview:-1\" \/>\n<link rel=\"canonical\" href=\"https:\/\/iboltt.com.br\/site\/quem-somos\/\" \/>\n<meta property=\"og:locale\" content=\"en_US\" \/>\n<meta property=\"og:type\" content=\"article\" \/>\n<meta property=\"og:title\" content=\"Quem somos - iBoltt\" \/>\n<meta property=\"og:description\" content=\"Somos uma startup especializada na intermedia\u00e7\u00e3o das solicita\u00e7\u00f5es de transporte de passageiros, entregas r\u00e1pidas e banco digital.\" \/>\n<meta property=\"og:url\" content=\"https:\/\/iboltt.com.br\/site\/quem-somos\/\" \/>\n<meta property=\"og:site_name\" content=\"iBoltt\" \/>\n<meta property=\"article:modified_time\" content=\"2021-07-09T14:17:46+00:00\" \/>\n<meta name=\"twitter:card\" content=\"summary_large_image\" \/>\n<meta name=\"twitter:label1\" content=\"Est. reading time\" \/>\n\t<meta name=\"twitter:data1\" content=\"2 minutes\" \/>\n<script type=\"application\/ld+json\" class=\"yoast-schema-graph\">{\"@context\":\"https:\/\/schema.org\",\"@graph\":[{\"@type\":\"WebSite\",\"@id\":\"https:\/\/iboltt.com.br\/site\/#website\",\"url\":\"https:\/\/iboltt.com.br\/site\/\",\"name\":\"iBoltt\",\"description\":\"Solu\\u00e7\\u00e3o completa em transporte e log\\u00edstica\",\"potentialAction\":[{\"@type\":\"SearchAction\",\"target\":{\"@type\":\"EntryPoint\",\"urlTemplate\":\"https:\/\/iboltt.com.br\/site\/?s={search_term_string}\"},\"query-input\":\"required name=search_term_string\"}],\"inLanguage\":\"en-US\"},{\"@type\":\"WebPage\",\"@id\":\"https:\/\/iboltt.com.br\/site\/quem-somos\/#webpage\",\"url\":\"https:\/\/iboltt.com.br\/site\/quem-somos\/\",\"name\":\"Quem somos - iBoltt\",\"isPartOf\":{\"@id\":\"https:\/\/iboltt.com.br\/site\/#website\"},\"datePublished\":\"2021-07-07T16:11:18+00:00\",\"dateModified\":\"2021-07-09T14:17:46+00:00\",\"description\":\"Somos uma startup especializada na intermedia\\u00e7\\u00e3o das solicita\\u00e7\\u00f5es de transporte de passageiros, entregas r\\u00e1pidas e banco digital.\",\"breadcrumb\":{\"@id\":\"https:\/\/iboltt.com.br\/site\/quem-somos\/#breadcrumb\"},\"inLanguage\":\"en-US\",\"potentialAction\":[{\"@type\":\"ReadAction\",\"target\":[\"https:\/\/iboltt.com.br\/site\/quem-somos\/\"]}]},{\"@type\":\"BreadcrumbList\",\"@id\":\"https:\/\/iboltt.com.br\/site\/quem-somos\/#breadcrumb\",\"itemListElement\":[{\"@type\":\"ListItem\",\"position\":1,\"name\":\"Home\",\"item\":\"https:\/\/iboltt.com.br\/site\/\"},{\"@type\":\"ListItem\",\"position\":2,\"name\":\"Quem somos\"}]}]}<\/script>\n<!-- \/ Yoast SEO plugin. -->","yoast_head_json":{"title":"Quem somos - iBoltt","description":"Somos uma startup especializada na intermedia\u00e7\u00e3o das solicita\u00e7\u00f5es de transporte de passageiros, entregas r\u00e1pidas e banco digital.","robots":{"index":"index","follow":"follow","max-snippet":"max-snippet:-1","max-image-preview":"max-image-preview:large","max-video-preview":"max-video-preview:-1"},"canonical":"https:\/\/iboltt.com.br\/site\/quem-somos\/","og_locale":"en_US","og_type":"article","og_title":"Quem somos - iBoltt","og_description":"Somos uma startup especializada na intermedia\u00e7\u00e3o das solicita\u00e7\u00f5es de transporte de passageiros, entregas r\u00e1pidas e banco digital.","og_url":"https:\/\/iboltt.com.br\/site\/quem-somos\/","og_site_name":"iBoltt","article_modified_time":"2021-07-09T14:17:46+00:00","twitter_card":"summary_large_image","twitter_misc":{"Est. reading time":"2 minutes"},"schema":{"@context":"https:\/\/schema.org","@graph":[{"@type":"WebSite","@id":"https:\/\/iboltt.com.br\/site\/#website","url":"https:\/\/iboltt.com.br\/site\/","name":"iBoltt","description":"Solu\u00e7\u00e3o completa em transporte e log\u00edstica","potentialAction":[{"@type":"SearchAction","target":{"@type":"EntryPoint","urlTemplate":"https:\/\/iboltt.com.br\/site\/?s={search_term_string}"},"query-input":"required name=search_term_string"}],"inLanguage":"en-US"},{"@type":"WebPage","@id":"https:\/\/iboltt.com.br\/site\/quem-somos\/#webpage","url":"https:\/\/iboltt.com.br\/site\/quem-somos\/","name":"Quem somos - iBoltt","isPartOf":{"@id":"https:\/\/iboltt.com.br\/site\/#website"},"datePublished":"2021-07-07T16:11:18+00:00","dateModified":"2021-07-09T14:17:46+00:00","description":"Somos uma startup especializada na intermedia\u00e7\u00e3o das solicita\u00e7\u00f5es de transporte de passageiros, entregas r\u00e1pidas e banco digital.","breadcrumb":{"@id":"https:\/\/iboltt.com.br\/site\/quem-somos\/#breadcrumb"},"inLanguage":"en-US","potentialAction":[{"@type":"ReadAction","target":["https:\/\/iboltt.com.br\/site\/quem-somos\/"]}]},{"@type":"BreadcrumbList","@id":"https:\/\/iboltt.com.br\/site\/quem-somos\/#breadcrumb","itemListElement":[{"@type":"ListItem","position":1,"name":"Home","item":"https:\/\/iboltt.com.br\/site\/"},{"@type":"ListItem","position":2,"name":"Quem somos"}]}]}},"_links":{"self":[{"href":"https:\/\/iboltt.com.br\/site\/wp-json\/wp\/v2\/pages\/14286"}],"collection":[{"href":"https:\/\/iboltt.com.br\/site\/wp-json\/wp\/v2\/pages"}],"about":[{"href":"https:\/\/iboltt.com.br\/site\/wp-json\/wp\/v2\/types\/page"}],"author":[{"embeddable":true,"href":"https:\/\/iboltt.com.br\/site\/wp-json\/wp\/v2\/users\/1"}],"replies":[{"embeddable":true,"href":"https:\/\/iboltt.com.br\/site\/wp-json\/wp\/v2\/comments?post=14286"}],"version-history":[{"count":15,"href":"https:\/\/iboltt.com.br\/site\/wp-json\/wp\/v2\/pages\/14286\/revisions"}],"predecessor-version":[{"id":14289,"href":"https:\/\/iboltt.com.br\/site\/wp-json\/wp\/v2\/pages\/14286\/revisions\/14289"}],"wp:attachment":[{"href":"https:\/\/iboltt.com.br\/site\/wp-json\/wp\/v2\/media?parent=14286"}],"wp:term":[{"taxonomy":"cidade","embeddable":true,"href":"https:\/\/iboltt.com.br\/site\/wp-json\/wp\/v2\/cidade?post=14286"}],"curies":[{"name":"wp","href":"https:\/\/api.w.org\/{rel}","templated":true}]}}