{"id":2963,"date":"2020-05-06T18:32:45","date_gmt":"2020-05-06T18:32:45","guid":{"rendered":"https:\/\/essentials.pixfort.com\/original\/?page_id=2963"},"modified":"2021-07-09T11:13:24","modified_gmt":"2021-07-09T14:13:24","slug":"para-clientes","status":"publish","type":"page","link":"https:\/\/iboltt.com.br\/site\/para-clientes\/","title":{"rendered":"Para clientes"},"content":{"rendered":"[vc_section full_width=&#8221;stretch_row&#8221; pix_over_visibility=&#8221;&#8221; b_custom_height=&#8221;500px&#8221;][vc_row pix_particles_check=&#8221;&#8221;][vc_column content_align=&#8221;text-center&#8221;]<div class=\"mb-3 text-center  vc_custom_1606828622172\"><h2 class=\"mb-32 pix-sliding-headline font-weight-bold secondary-font\" data-class=\"text-black\" data-style=\"\">Tudo num s\u00f3 lugar<\/h2><\/div><div class=\"slide-in-container w-100 text-center \" ><p class=\"text-20  text-body-default text-center \" ><span class=\"animate-in d-inline-block\" data-anim-delay=\"200\" data-anim-type=\"fade-in-up\">Esqueceu um documento em casa ou quer receber aquele almo\u00e7o maravilhoso que sua esposa acabou de preparar? Quer ter mais seguran\u00e7a e menor pre\u00e7o no seu transporte, da sua fam\u00edlia e funcion\u00e1rios.<\/span><\/p><\/div>[\/vc_column][\/vc_row][vc_row pix_particles_check=&#8221;&#8221; css=&#8221;.vc_custom_1606833081835{padding-top: 80px !important;padding-bottom: 80px !important;}&#8221;][vc_column css=&#8221;.vc_custom_1580913185779{padding-top: 20px !important;padding-bottom: 20px !important;}&#8221;]<div class=\"card  overflow-hidden row no-gutters flex-column flex-md-row flex-md-row-reverse   vc_custom_1606832218843 shadow-lg  animate-in \" data-anim-delay=\"0\" data-anim-type=\"fade-in-up\"><div class=\"flex-column col-md-6\"><img class=\"pix-lazy card-img pix-fit-cover rounded-0 flex-grow-1 h-100\" src=\"https:\/\/iboltt.com.br\/site\/wp-content\/plugins\/pixfort-core\/functions\/images\/placeholder.png\" data-srcset=\"https:\/\/iboltt.com.br\/site\/wp-content\/uploads\/2020\/12\/img-pc-04-279x300.jpg 279w, https:\/\/iboltt.com.br\/site\/wp-content\/uploads\/2020\/12\/img-pc-04.jpg 534w\" data-src=\"https:\/\/iboltt.com.br\/site\/wp-content\/uploads\/2020\/12\/img-pc-04.jpg\" loading=\"lazy\" alt=\"\" \/><\/div><div class=\"card-body d-flex2 align-content-between flex-wrap col-md-6 p-lg-5 p-md-5 p-4\"><div class=\"mb-3 text-left \"><h3 class=\"mb-32 pix-sliding-headline font-weight-bold secondary-font\" data-class=\"text-black\" data-style=\"\">F\u00e1cil e r\u00e1pido!<\/h3><\/div><div class=\"slide-in-container w-100  \" ><div class=\"text-18 text-body-default  \" >Com o iBoltt, solicitar um servi\u00e7o, realizar o pagamento e aguardar a entrega ficou \u00e0 dist\u00e2ncia de um toque. Pelo nosso aplicativo, voc\u00ea seleciona o tipo do servi\u00e7o, a melhor op\u00e7\u00e3o de pagamento e \u00e9 atendido pelo profissional cadastrado mais pr\u00f3ximo, pronto para realizar entregas ou transporte de passageiros de maneira \u00e1gil e segura.<\/div><\/div>[vc_empty_space height=&#8221;50px&#8221;]<div class=\"slide-in-container w-100  \" ><div class=\"text-xs text-black  font-weight-bold secondary-font\" >Dispon\u00edvel nas plataformas<\/div><\/div>[vc_row_inner][vc_column_inner width=&#8221;1\/6&#8243;]<div class=\"pix-icon text-left \"><div class=\"feature_img d-inline-block \"   style=\"width:54px;height:54px;position:relative;line-height:54px;text-align:center;\"><i style=\"display:inline-block;font-size:30px;line-height:30px;\" class=\"text-gray-4 align-middle pixicon-apple\"><\/i><\/div><\/div>[\/vc_column_inner][vc_column_inner width=&#8221;1\/6&#8243;]<div class=\"pix-icon text-left \"><div class=\"feature_img d-inline-block \"   style=\"width:54px;height:54px;position:relative;line-height:54px;text-align:center;\"><i style=\"display:inline-block;font-size:30px;line-height:30px;\" class=\"text-gray-4 align-middle pixicon-play2\"><\/i><\/div><\/div>[\/vc_column_inner][vc_column_inner width=&#8221;1\/6&#8243;][\/vc_column_inner][vc_column_inner width=&#8221;1\/6&#8243;][\/vc_column_inner][vc_column_inner width=&#8221;1\/6&#8243;][\/vc_column_inner][vc_column_inner width=&#8221;1\/6&#8243;][\/vc_column_inner][\/vc_row_inner]<\/div><\/div>\n[\/vc_column][\/vc_row][vc_row full_width=&#8221;stretch_row&#8221; content_placement=&#8221;middle&#8221; pix_particles_check=&#8221;&#8221; pix_overlay_color=&#8221;black&#8221; css=&#8221;.vc_custom_1606762696730{padding-top: 150px !important;padding-bottom: 150px !important;background-image: url(https:\/\/iboltt.com.br\/site\/wp-content\/uploads\/2020\/11\/background-cta-para-clientes.jpg?id=13653) !important;}&#8221; pix_overlay_opacity=&#8221;0.3&#8243;][vc_column content_align=&#8221;text-center&#8221;]<div  class=\"text-center \"><div><div class=\"slide-in-container\"><h2 class=\"text-white font-weight-bold animate-in mb-1\" style=\"\" data-anim-type=\"slide-in-up\" data-anim-delay=\"0\">Diferenciais para clientes<\/h2><\/div><\/div><\/div>[vc_empty_space height=&#8221;30px&#8221;]<div class=\"slide-in-container w-100   vc_custom_1606492575342\" ><p class=\"text-18  text-body-default  \" ><span class=\"animate-in d-inline-block\" data-anim-delay=\"200\" data-anim-type=\"fade-in-up\">Com o iBoltt, solicitar um servi\u00e7o, realizar o pagamento e aguardar a entrega ficou \u00e0 dist\u00e2ncia de um toque. Pelo nosso aplicativo, voc\u00ea seleciona o tipo do servi\u00e7o, a melhor op\u00e7\u00e3o de pagamento e \u00e9 atendido pelo profissional cadastrado mais pr\u00f3ximo, pronto para realizar entregas ou transporte de passageiros de maneira \u00e1gil e segura.<\/span><\/p><\/div>[vc_empty_space height=&#8221;30px&#8221;]<a href=\"https:\/\/apps.apple.com\/br\/app\/id1267475196\" class=\"btn mb-2    text-white btn-primary d-inline-block    secondary-font  animate-in btn-lg\"   data-anim-type=\"fade-in-up\" data-anim-delay=\"400\" ><i class=\"font-weight-bold pixicon-apple   mr-1\"><\/i> <span class=\"font-weight-bold \" >Dispon\u00edvel na Apple Store<\/span><\/a><a href=\"https:\/\/play.google.com\/store\/apps\/details?id=com.tellaworld.iboltt\" class=\"btn mb-2    text-white btn-primary d-inline-block    secondary-font  animate-in btn-lg\"   data-anim-type=\"fade-in-up\" data-anim-delay=\"400\" ><i class=\"font-weight-bold pixicon-play2   mr-1\"><\/i> <span class=\"font-weight-bold \" >Dispon\u00edvel na Google Play<\/span><\/a>[\/vc_column][\/vc_row][vc_row full_width=&#8221;stretch_row&#8221; content_placement=&#8221;middle&#8221; pix_particles_check=&#8221;&#8221; css=&#8221;.vc_custom_1607355105436{padding-top: 150px !important;padding-bottom: 80px !important;}&#8221;][vc_column content_align=&#8221;text-center&#8221;][vc_row_inner][vc_column_inner width=&#8221;1\/3&#8243;]<div class=\"pix-content-box pix-card-element bg-white2 p-4 rounded-xl   vc_custom_1607354897260  rounded-lg  overflow-hidden shadow-lg \" ><div class=\"py-3\"><h6 style=\"\" class=\"card-title font-weight-bold text-heading-default\">Acompanhamento<\/h6><p class=\"card-text text-body-default \">Acompanhe o deslocamento do prestador em tempo real.<\/p><\/div><div class=\"card-footer text-right\"><a  href=\"\" class=\"d-flex align-items-center justify-content-end font-weight-bold text-heading-default \"> <i class=\"pixicon-angle-right ml-2\"><\/i><\/a><\/div><\/div>[vc_empty_space height=&#8221;10px&#8221;][\/vc_column_inner][vc_column_inner width=&#8221;1\/3&#8243;]<div class=\"pix-content-box pix-card-element bg-white2 p-4 rounded-xl   vc_custom_1607354999557  rounded-lg  overflow-hidden shadow-lg \" ><div class=\"py-3\"><h6 style=\"\" class=\"card-title font-weight-bold text-heading-default\">Transpar\u00eancia<\/h6><p class=\"card-text text-body-default \">Saiba quanto vai pagar e quem vai te atender.<\/p><\/div><div class=\"card-footer text-right\"><a  href=\"\" class=\"d-flex align-items-center justify-content-end font-weight-bold text-heading-default \"> <i class=\"pixicon-angle-right ml-2\"><\/i><\/a><\/div><\/div>[vc_empty_space height=&#8221;10px&#8221;][\/vc_column_inner][vc_column_inner width=&#8221;1\/3&#8243;]<div class=\"pix-content-box pix-card-element bg-white2 p-4 rounded-xl   vc_custom_1607355011804  rounded-lg  overflow-hidden shadow-lg \" ><div class=\"py-3\"><h6 style=\"\" class=\"card-title font-weight-bold text-heading-default\">Agilidade<\/h6><p class=\"card-text text-body-default \">O sistema acha o prestador mais pr\u00f3ximo.<\/p><\/div><div class=\"card-footer text-right\"><a  href=\"\" class=\"d-flex align-items-center justify-content-end font-weight-bold text-heading-default \"> <i class=\"pixicon-angle-right ml-2\"><\/i><\/a><\/div><\/div>[vc_empty_space height=&#8221;10px&#8221;][\/vc_column_inner][\/vc_row_inner][vc_empty_space height=&#8221;20px&#8221;][vc_row_inner][vc_column_inner width=&#8221;1\/3&#8243;]<div class=\"pix-content-box pix-card-element bg-white2 p-4 rounded-xl   vc_custom_1607355145324  rounded-lg  overflow-hidden shadow-lg \" ><div class=\"py-3\"><h6 style=\"\" class=\"card-title font-weight-bold text-heading-default\">Economia<\/h6><p class=\"card-text text-body-default \">Evite custos de deslocamentos e estacionamentos.<\/p><\/div><div class=\"card-footer text-right\"><a  href=\"\" class=\"d-flex align-items-center justify-content-end font-weight-bold text-heading-default \"> <i class=\"pixicon-angle-right ml-2\"><\/i><\/a><\/div><\/div>[vc_empty_space height=&#8221;10px&#8221;][\/vc_column_inner][vc_column_inner width=&#8221;1\/3&#8243;]<div class=\"pix-content-box pix-card-element bg-white2 p-4 rounded-xl   vc_custom_1607355057563  rounded-lg  overflow-hidden shadow-lg \" ><div class=\"py-3\"><h6 style=\"\" class=\"card-title font-weight-bold text-heading-default\">Organiza\u00e7\u00e3o<\/h6><p class=\"card-text text-body-default \">Acesse o hist\u00f3rico e tenha o detalhe de todas as suas solicita\u00e7\u00f5es.<\/p><\/div><div class=\"card-footer text-right\"><a  href=\"\" class=\"d-flex align-items-center justify-content-end font-weight-bold text-heading-default \"> <i class=\"pixicon-angle-right ml-2\"><\/i><\/a><\/div><\/div>[vc_empty_space height=&#8221;10px&#8221;][\/vc_column_inner][vc_column_inner width=&#8221;1\/3&#8243;]<div class=\"pix-content-box pix-card-element bg-white2 p-4 rounded-xl   vc_custom_1607355217075  rounded-lg  overflow-hidden shadow-lg \" ><div class=\"py-3\"><h6 style=\"\" class=\"card-title font-weight-bold text-white\">Baixe j\u00e1 o iBoltt<\/h6><p class=\"card-text text-white \">Comece a fazer seus pedidos de forma r\u00e1pida, pr\u00e1tica e segura.<\/p><\/div><div class=\"card-footer text-right\"><a  href=\"\" class=\"d-flex align-items-center justify-content-end font-weight-bold text-heading-default \"> <i class=\"pixicon-angle-right ml-2\"><\/i><\/a><\/div><\/div>[vc_empty_space height=&#8221;10px&#8221;][\/vc_column_inner][\/vc_row_inner][\/vc_column][\/vc_row][vc_row full_width=&#8221;stretch_row&#8221; pix_particles_check=&#8221;&#8221; css=&#8221;.vc_custom_1606832448104{padding-top: 80px !important;padding-bottom: 80px !important;}&#8221;][vc_column content_align=&#8221;text-center&#8221;]<div class=\"pix-content-box card      vc_custom_1606832393909  rounded-10 shadow-lg shadow-hover-lg fly-sm animate-in bg- w-100  \"  data-anim-type=\"fade-in-up\" data-anim-delay=\"0\"><div class=\"\" style=\"z-index:30;position:relative;\"><h6 class=\"d-inline-block mr-1 animate-in\" data-anim-type=\"fade-in-up\" data-anim-delay=\"0\"><span class=\"badge font-weight-bold secondary-font bg-dark-opacity-1  vc_custom_1606412537962 \" style=\" \"><span class=\"text-heading-default\" style=\"\">F\u00e1cil e r\u00e1pido<\/span><\/span><\/h6><div class=\"slide-in-container w-100   vc_custom_1606412584499\" ><p class=\"text-24  text-gradient-primary  font-weight-bold secondary-font\" ><span class=\"animate-in d-inline-block\" data-anim-delay=\"200\" data-anim-type=\"fade-in-up\">Veja como funciona<\/span><\/p><\/div><div class=\"row pix-levels mb-3 mb-sm-0 mx-0 \" style=\"border-bottom:0;\"><div class=\"col-xs-12 col-md-2 pix-levels-step complete px-0\">\n\t\t\t  <h6 class=\"text-center font-weight-bold text-heading-default pb-3\" style=\"\">Painel<\/h6>\n\t\t\t  <div class=\"position-relative w-100 text-center mb-3\">\n\t\t\t\t  <div class=\"progress bg-gray-2\" ><div class=\"progress-bar bg-gradient-primary\" ><\/div><\/div>\n\t\t\t\t  <div class=\"pix-leveles-dot-div\"><span class=\"pix-levels-dot bg-gradient-primary\" >\n\t\t\t\t\t\t\t\t\t\t  <span class=\"pix-levels-dot-inner bg-dark-opacity-3\"><\/span>\n\t\t\t\t\t\t\t\t\t  <\/span><\/div>\n\t\t\t  <\/div><p class=\"text-center pix-p-10 secondary-font text-body-default\" >Acesse o nosso painel pelo site ou baixe gratuitamente o aplicativo iBoltt pelo Google Play ou App Store.<\/p><\/div><div class=\"col-xs-12 col-md-2 pix-levels-step complete px-0\">\n\t\t\t  <h6 class=\"text-center font-weight-bold text-heading-default pb-3\" style=\"\">Cadastro<\/h6>\n\t\t\t  <div class=\"position-relative w-100 text-center mb-3\">\n\t\t\t\t  <div class=\"progress bg-gray-2\" ><div class=\"progress-bar bg-gradient-primary\" ><\/div><\/div>\n\t\t\t\t  <div class=\"pix-leveles-dot-div\"><span class=\"pix-levels-dot bg-gradient-primary\" >\n\t\t\t\t\t\t\t\t\t\t  <span class=\"pix-levels-dot-inner bg-dark-opacity-3\"><\/span>\n\t\t\t\t\t\t\t\t\t  <\/span><\/div>\n\t\t\t  <\/div><p class=\"text-center pix-p-10 secondary-font text-body-default\" >Efetue o cadastro e siga orienta\u00e7\u00f5es at\u00e9 a confirma\u00e7\u00e3o da sua conta.<\/p><\/div><div class=\"col-xs-12 col-md-2 pix-levels-step complete px-0\">\n\t\t\t  <h6 class=\"text-center font-weight-bold text-heading-default pb-3\" style=\"\">Detalhes<\/h6>\n\t\t\t  <div class=\"position-relative w-100 text-center mb-3\">\n\t\t\t\t  <div class=\"progress bg-gray-2\" ><div class=\"progress-bar bg-gradient-primary\" ><\/div><\/div>\n\t\t\t\t  <div class=\"pix-leveles-dot-div\"><span class=\"pix-levels-dot bg-gradient-primary\" >\n\t\t\t\t\t\t\t\t\t\t  <span class=\"pix-levels-dot-inner bg-dark-opacity-3\"><\/span>\n\t\t\t\t\t\t\t\t\t  <\/span><\/div>\n\t\t\t  <\/div><p class=\"text-center pix-p-10 secondary-font text-body-default\" >Selecione o servi\u00e7o, o local de destino e, caso necess\u00e1rio, descreva algum detalhe sobre o que o prestador deve fazer.<\/p><\/div><div class=\"col-xs-12 col-md-2 pix-levels-step complete px-0\">\n\t\t\t  <h6 class=\"text-center font-weight-bold text-heading-default pb-3\" style=\"\">Destino<\/h6>\n\t\t\t  <div class=\"position-relative w-100 text-center mb-3\">\n\t\t\t\t  <div class=\"progress bg-gray-2\" ><div class=\"progress-bar bg-gradient-primary\" ><\/div><\/div>\n\t\t\t\t  <div class=\"pix-leveles-dot-div\"><span class=\"pix-levels-dot bg-gradient-primary\" >\n\t\t\t\t\t\t\t\t\t\t  <span class=\"pix-levels-dot-inner bg-dark-opacity-3\"><\/span>\n\t\t\t\t\t\t\t\t\t  <\/span><\/div>\n\t\t\t  <\/div><p class=\"text-center pix-p-10 secondary-font text-body-default\" >A rota \u00e9 tra\u00e7ada automaticamente e o valor do servi\u00e7o calculado.<\/p><\/div><div class=\"col-xs-12 col-md-2 pix-levels-step complete px-0\">\n\t\t\t  <h6 class=\"text-center font-weight-bold text-heading-default pb-3\" style=\"\">Resumos<\/h6>\n\t\t\t  <div class=\"position-relative w-100 text-center mb-3\">\n\t\t\t\t  <div class=\"progress bg-gray-2\" ><div class=\"progress-bar bg-gradient-primary\" ><\/div><\/div>\n\t\t\t\t  <div class=\"pix-leveles-dot-div\"><span class=\"pix-levels-dot bg-gradient-primary\" >\n\t\t\t\t\t\t\t\t\t\t  <span class=\"pix-levels-dot-inner bg-dark-opacity-3\"><\/span>\n\t\t\t\t\t\t\t\t\t  <\/span><\/div>\n\t\t\t  <\/div><p class=\"text-center pix-p-10 secondary-font text-body-default\" >Verifique o resumo do seu pedido, escolha a forma de pagamento (cart\u00e3o de cr\u00e9dito ou d\u00e9bito, dinheiro ou voucher) e solicite a corrida <\/p><\/div><div class=\"col-xs-12 col-md-2 pix-levels-step active px-0\">\n\t\t\t  <h6 class=\"text-center font-weight-bold text-heading-default pb-3\" style=\"\">Tudo pronto!<\/h6>\n\t\t\t  <div class=\"position-relative w-100 text-center mb-3\">\n\t\t\t\t  <div class=\"progress bg-gray-2\" ><div class=\"progress-bar bg-gradient-primary\" ><\/div><\/div>\n\t\t\t\t  <div class=\"pix-leveles-dot-div\"><span class=\"pix-levels-dot bg-gradient-primary\" >\n\t\t\t\t\t\t\t\t\t\t  <span class=\"pix-levels-dot-inner bg-dark-opacity-3\"><\/span>\n\t\t\t\t\t\t\t\t\t  <\/span><\/div>\n\t\t\t  <\/div><p class=\"text-center pix-p-10 secondary-font text-body-default\" >Pronto, agora \u00e9 s\u00f3 aguardar e acompanhar seu pedido chegar, tudo em tempo real! <\/p><\/div><\/div><\/div><\/div>[\/vc_column][\/vc_row][\/vc_section]","protected":false},"excerpt":{"rendered":"[vc_section full_width=&#8221;stretch_row&#8221; pix_over_visibility=&#8221;&#8221; b_custom_height=&#8221;500px&#8221;][vc_row pix_particles_check=&#8221;&#8221;][vc_column content_align=&#8221;text-center&#8221;][\/vc_column][\/vc_row][vc_row pix_particles_check=&#8221;&#8221; css=&#8221;.vc_custom_1606833081835{padding-top: 80px !important;padding-bottom: 80px !important;}&#8221;][vc_column css=&#8221;.vc_custom_1580913185779{padding-top: 20px !important;padding-bottom: 20px !important;}&#8221;][\/vc_column][\/vc_row][vc_row full_width=&#8221;stretch_row&#8221; content_placement=&#8221;middle&#8221; pix_particles_check=&#8221;&#8221; pix_overlay_color=&#8221;black&#8221; css=&#8221;.vc_custom_1606762696730{padding-top: 150px !important;padding-bottom: 150px !important;background-image: url(https:\/\/iboltt.com.br\/site\/wp-content\/uploads\/2020\/11\/background-cta-para-clientes.jpg?id=13653) !important;}&#8221; pix_overlay_opacity=&#8221;0.3&#8243;][vc_column content_align=&#8221;text-center&#8221;][vc_empty_space height=&#8221;30px&#8221;][vc_empty_space height=&#8221;30px&#8221;][\/vc_column][\/vc_row][vc_row full_width=&#8221;stretch_row&#8221; content_placement=&#8221;middle&#8221; pix_particles_check=&#8221;&#8221; css=&#8221;.vc_custom_1607355105436{padding-top: 150px !important;padding-bottom: 80px !important;}&#8221;][vc_column&#8230;","protected":false},"author":1,"featured_media":0,"parent":0,"menu_order":0,"comment_status":"closed","ping_status":"closed","template":"","meta":[],"cidade":[],"yoast_head":"<!-- This site is optimized with the Yoast SEO plugin v16.7 - https:\/\/yoast.com\/wordpress\/plugins\/seo\/ -->\n<title>Para clientes - iBoltt<\/title>\n<meta name=\"description\" content=\"Com o iBoltt, solicitar um servi\u00e7o, realizar o pagamento e aguardar a entrega ficou \u00e0 dist\u00e2ncia de um toque.\" \/>\n<meta name=\"robots\" content=\"index, follow, max-snippet:-1, max-image-preview:large, max-video-preview:-1\" \/>\n<link rel=\"canonical\" href=\"https:\/\/iboltt.com.br\/site\/para-clientes\/\" \/>\n<meta property=\"og:locale\" content=\"en_US\" \/>\n<meta property=\"og:type\" content=\"article\" \/>\n<meta property=\"og:title\" content=\"Para clientes - iBoltt\" \/>\n<meta property=\"og:description\" content=\"Com o iBoltt, solicitar um servi\u00e7o, realizar o pagamento e aguardar a entrega ficou \u00e0 dist\u00e2ncia de um toque.\" \/>\n<meta property=\"og:url\" content=\"https:\/\/iboltt.com.br\/site\/para-clientes\/\" \/>\n<meta property=\"og:site_name\" content=\"iBoltt\" \/>\n<meta property=\"article:modified_time\" content=\"2021-07-09T14:13:24+00:00\" \/>\n<meta name=\"twitter:card\" content=\"summary_large_image\" \/>\n<meta name=\"twitter:label1\" content=\"Est. reading time\" \/>\n\t<meta name=\"twitter:data1\" content=\"6 minutes\" \/>\n<script type=\"application\/ld+json\" class=\"yoast-schema-graph\">{\"@context\":\"https:\/\/schema.org\",\"@graph\":[{\"@type\":\"WebSite\",\"@id\":\"https:\/\/iboltt.com.br\/site\/#website\",\"url\":\"https:\/\/iboltt.com.br\/site\/\",\"name\":\"iBoltt\",\"description\":\"Solu\\u00e7\\u00e3o completa em transporte e log\\u00edstica\",\"potentialAction\":[{\"@type\":\"SearchAction\",\"target\":{\"@type\":\"EntryPoint\",\"urlTemplate\":\"https:\/\/iboltt.com.br\/site\/?s={search_term_string}\"},\"query-input\":\"required name=search_term_string\"}],\"inLanguage\":\"en-US\"},{\"@type\":\"WebPage\",\"@id\":\"https:\/\/iboltt.com.br\/site\/para-clientes\/#webpage\",\"url\":\"https:\/\/iboltt.com.br\/site\/para-clientes\/\",\"name\":\"Para clientes - iBoltt\",\"isPartOf\":{\"@id\":\"https:\/\/iboltt.com.br\/site\/#website\"},\"datePublished\":\"2020-05-06T18:32:45+00:00\",\"dateModified\":\"2021-07-09T14:13:24+00:00\",\"description\":\"Com o iBoltt, solicitar um servi\\u00e7o, realizar o pagamento e aguardar a entrega ficou \\u00e0 dist\\u00e2ncia de um toque.\",\"breadcrumb\":{\"@id\":\"https:\/\/iboltt.com.br\/site\/para-clientes\/#breadcrumb\"},\"inLanguage\":\"en-US\",\"potentialAction\":[{\"@type\":\"ReadAction\",\"target\":[\"https:\/\/iboltt.com.br\/site\/para-clientes\/\"]}]},{\"@type\":\"BreadcrumbList\",\"@id\":\"https:\/\/iboltt.com.br\/site\/para-clientes\/#breadcrumb\",\"itemListElement\":[{\"@type\":\"ListItem\",\"position\":1,\"name\":\"Home\",\"item\":\"https:\/\/iboltt.com.br\/site\/\"},{\"@type\":\"ListItem\",\"position\":2,\"name\":\"Para clientes\"}]}]}<\/script>\n<!-- \/ Yoast SEO plugin. -->","yoast_head_json":{"title":"Para clientes - iBoltt","description":"Com o iBoltt, solicitar um servi\u00e7o, realizar o pagamento e aguardar a entrega ficou \u00e0 dist\u00e2ncia de um toque.","robots":{"index":"index","follow":"follow","max-snippet":"max-snippet:-1","max-image-preview":"max-image-preview:large","max-video-preview":"max-video-preview:-1"},"canonical":"https:\/\/iboltt.com.br\/site\/para-clientes\/","og_locale":"en_US","og_type":"article","og_title":"Para clientes - iBoltt","og_description":"Com o iBoltt, solicitar um servi\u00e7o, realizar o pagamento e aguardar a entrega ficou \u00e0 dist\u00e2ncia de um toque.","og_url":"https:\/\/iboltt.com.br\/site\/para-clientes\/","og_site_name":"iBoltt","article_modified_time":"2021-07-09T14:13:24+00:00","twitter_card":"summary_large_image","twitter_misc":{"Est. reading time":"6 minutes"},"schema":{"@context":"https:\/\/schema.org","@graph":[{"@type":"WebSite","@id":"https:\/\/iboltt.com.br\/site\/#website","url":"https:\/\/iboltt.com.br\/site\/","name":"iBoltt","description":"Solu\u00e7\u00e3o completa em transporte e log\u00edstica","potentialAction":[{"@type":"SearchAction","target":{"@type":"EntryPoint","urlTemplate":"https:\/\/iboltt.com.br\/site\/?s={search_term_string}"},"query-input":"required name=search_term_string"}],"inLanguage":"en-US"},{"@type":"WebPage","@id":"https:\/\/iboltt.com.br\/site\/para-clientes\/#webpage","url":"https:\/\/iboltt.com.br\/site\/para-clientes\/","name":"Para clientes - iBoltt","isPartOf":{"@id":"https:\/\/iboltt.com.br\/site\/#website"},"datePublished":"2020-05-06T18:32:45+00:00","dateModified":"2021-07-09T14:13:24+00:00","description":"Com o iBoltt, solicitar um servi\u00e7o, realizar o pagamento e aguardar a entrega ficou \u00e0 dist\u00e2ncia de um toque.","breadcrumb":{"@id":"https:\/\/iboltt.com.br\/site\/para-clientes\/#breadcrumb"},"inLanguage":"en-US","potentialAction":[{"@type":"ReadAction","target":["https:\/\/iboltt.com.br\/site\/para-clientes\/"]}]},{"@type":"BreadcrumbList","@id":"https:\/\/iboltt.com.br\/site\/para-clientes\/#breadcrumb","itemListElement":[{"@type":"ListItem","position":1,"name":"Home","item":"https:\/\/iboltt.com.br\/site\/"},{"@type":"ListItem","position":2,"name":"Para clientes"}]}]}},"_links":{"self":[{"href":"https:\/\/iboltt.com.br\/site\/wp-json\/wp\/v2\/pages\/2963"}],"collection":[{"href":"https:\/\/iboltt.com.br\/site\/wp-json\/wp\/v2\/pages"}],"about":[{"href":"https:\/\/iboltt.com.br\/site\/wp-json\/wp\/v2\/types\/page"}],"author":[{"embeddable":true,"href":"https:\/\/iboltt.com.br\/site\/wp-json\/wp\/v2\/users\/1"}],"replies":[{"embeddable":true,"href":"https:\/\/iboltt.com.br\/site\/wp-json\/wp\/v2\/comments?post=2963"}],"version-history":[{"count":54,"href":"https:\/\/iboltt.com.br\/site\/wp-json\/wp\/v2\/pages\/2963\/revisions"}],"predecessor-version":[{"id":14283,"href":"https:\/\/iboltt.com.br\/site\/wp-json\/wp\/v2\/pages\/2963\/revisions\/14283"}],"wp:attachment":[{"href":"https:\/\/iboltt.com.br\/site\/wp-json\/wp\/v2\/media?parent=2963"}],"wp:term":[{"taxonomy":"cidade","embeddable":true,"href":"https:\/\/iboltt.com.br\/site\/wp-json\/wp\/v2\/cidade?post=2963"}],"curies":[{"name":"wp","href":"https:\/\/api.w.org\/{rel}","templated":true}]}}